{"id":1073,"date":"2013-06-27T10:13:39","date_gmt":"2013-06-27T10:13:39","guid":{"rendered":"http:\/\/www.maticasrpska.org.rs\/wordpress\/?page_id=1073"},"modified":"2024-05-07T10:57:11","modified_gmt":"2024-05-07T09:57:11","slug":"%d1%83%d0%bf%d1%80%d0%b0%d0%b2%d0%bd%d0%b8-%d0%be%d0%b4%d0%b1%d0%be%d1%80","status":"publish","type":"page","link":"https:\/\/www.maticasrpska.org.rs\/en\/organi-i-radna-tela-matice-srpske\/%d1%83%d0%bf%d1%80%d0%b0%d0%b2%d0%bd%d0%b8-%d0%be%d0%b4%d0%b1%d0%be%d1%80\/","title":{"rendered":"MANAGEMENT BOARD OF MATICA SRPSKA"},"content":{"rendered":"<p><\/li>\n<\/ol>\n<p style=\"text-align: justify;\">The Management Board of Matica Srpska manages the work and business activities of Matica Srpska, prepares the Annual Work Plan, Financial Plan, Plan of Public Procurements, the Balance Sheet, decides on how the funds, endowments, bequests, legacies and gifts are to be used.<br \/>\nThe Management Board passes documents formulating the relationship of Matica Srpska with other institutions as well as documents regulating the organization of the activities of bodies and working groups and departments of Matica Srpska.<\/p>\n<p style=\"text-align: justify;\">The Management Board of Matica Srpska performs other duties stipulated by the Law of Matica Srpska and other relevant documents of Matica Srpska.<\/p>\n<p>1. Professor DRAGAN STANI\u0106, PhD<br \/>\n2. Professor JOVAN DELI\u0106, PhD<br \/>\n3. Professor SR\u0110AN \u0160LjUKI\u0106, PhD<br \/>\n4. Professor MILAN MATAVULj, PhD<br \/>\n5. MILAN MICI\u0106, PhD<br \/>\n6. Professor BRANKO BE\u0160LIN, PhD<br \/>\n7. Professor ISIDORA BJELAKOVI\u0106, PhD<br \/>\n8. Professor IGOR BOROZAN, PhD<br \/>\n9. Professor \u0110OR\u0110E BUBALO, PhD<br \/>\n10. Professor MIRJANA VESELINOVI\u0106 HOFMAN, PhD<br \/>\n11. Professor SLOBODAN VLADU\u0160I\u0106, PhD<br \/>\n12. ALEKSANDAR GAJI\u0106, PhD<br \/>\n13 Professor SLAVKO GORDI\u0106, PhD<br \/>\n14. Academic JASMINA GRKOVI\u0106 MEJD\u017eOR<br \/>\n15. Professor RAJNA DRAGI\u0106EVI\u0106, PhD<br \/>\n16. Professor DU\u0160AN IVANI\u0106, PhD<br \/>\n17. ANA JEROMELA MARJANOVI\u0106<br \/>\n18. Professor VLADIMIR KATI\u0106, PhD<br \/>\n19 Professor MILO\u0160 KOVI\u0106, PhD<br \/>\n20. BRANKA KULI\u0106, PhD<br \/>\n21. ZORAN MAKSIMOVI\u0106 , PhD<br \/>\n22. Professor JELENA MARI\u0106EVI\u0106 BALA\u0106, PhD<br \/>\n23. Professor ALEKSANDAR MILANOVI\u0106, PhD<br \/>\n24. MARKO NEDI\u0106, PhD<br \/>\n25. ALEKSANDRA NOVAKOV, PhD<br \/>\n26. Tijana Palkovljevi\u0107 Bugarski, PhD<br \/>\n27. Professor LjILjANA PE\u0160IKAN LjU\u0160TANOVI\u0106, PhD<br \/>\n28. Professor PETAR PIJANOVI\u0106, PhD<br \/>\n29. Professor MIRA RADOJEVI\u0106, PhD<br \/>\n30. SELIMIR RADULOVI\u0106<br \/>\n31. Professor\u00a0 GORANA RAI\u010cEVI\u0106, PhD<br \/>\n32. Professor VIKTOR SAVI\u0106, PhD<br \/>\n33. Professor VLADIMIR SIMI\u0106, PhD<br \/>\n34. Academic DARKO TANASKOVI\u0106<br \/>\n35. Academic SLAVENKO TERZI\u0106<br \/>\n36. Professor ZORICA HAD\u017eI\u0106 RADOVI\u0106, PhD<\/p>\n<p><\/p>","protected":false},"excerpt":{"rendered":"<p>The Management Board of Matica Srpska manages the work and business activities of Matica Srpska, prepares the Annual Work Plan, Financial Plan, Plan of Public Procurements, the Balance Sheet, decides on how the funds, endowments, bequests, legacies and gifts are to be used. The Management Board passes documents formulating the relationship of Matica Srpska with&hellip; <a href=\"https:\/\/www.maticasrpska.org.rs\/en\/organi-i-radna-tela-matice-srpske\/%d1%83%d0%bf%d1%80%d0%b0%d0%b2%d0%bd%d0%b8-%d0%be%d0%b4%d0%b1%d0%be%d1%80\/\">Continue reading <span class=\"meta-nav\">&rarr;<\/span><\/a><\/p>\n","protected":false},"author":1,"featured_media":0,"parent":397,"menu_order":0,"comment_status":"closed","ping_status":"open","template":"","meta":[],"yoast_head":"<!-- This site is optimized with the Yoast SEO plugin v16.2 - https:\/\/yoast.com\/wordpress\/plugins\/seo\/ -->\n<meta name=\"robots\" content=\"index, follow, max-snippet:-1, max-image-preview:large, max-video-preview:-1\" \/>\n<link rel=\"canonical\" href=\"https:\/\/www.maticasrpska.org.rs\/organi-i-radna-tela-matice-srpske\/\u0443\u043f\u0440\u0430\u0432\u043d\u0438-\u043e\u0434\u0431\u043e\u0440\/\" \/>\n<meta property=\"og:locale\" content=\"en_US\" \/>\n<meta property=\"og:type\" content=\"article\" \/>\n<meta property=\"og:title\" content=\"[:sr]\u0423\u043f\u0440\u0430\u0432\u043d\u0438 \u043e\u0434\u0431\u043e\u0440[:en]MANAGEMENT BOARD OF MATICA SRPSKA[:] - \u041c\u0430\u0442\u0438\u0446\u0430 \u0441\u0440\u043f\u0441\u043a\u0430\" \/>\n<meta property=\"og:description\" content=\"The Management Board of Matica Srpska manages the work and business activities of Matica Srpska, prepares the Annual Work Plan, Financial Plan, Plan of Public Procurements, the Balance Sheet, decides on how the funds, endowments, bequests, legacies and gifts are to be used. The Management Board passes documents formulating the relationship of Matica Srpska with&hellip; Continue reading &rarr;\" \/>\n<meta property=\"og:url\" content=\"https:\/\/www.maticasrpska.org.rs\/organi-i-radna-tela-matice-srpske\/\u0443\u043f\u0440\u0430\u0432\u043d\u0438-\u043e\u0434\u0431\u043e\u0440\/\" \/>\n<meta property=\"og:site_name\" content=\"\u041c\u0430\u0442\u0438\u0446\u0430 \u0441\u0440\u043f\u0441\u043a\u0430\" \/>\n<meta property=\"article:modified_time\" content=\"2024-05-07T09:57:11+00:00\" \/>\n<meta name=\"twitter:label1\" content=\"Est. reading time\">\n\t<meta name=\"twitter:data1\" content=\"2 minutes\">\n<script type=\"application\/ld+json\" class=\"yoast-schema-graph\">{\"@context\":\"https:\/\/schema.org\",\"@graph\":[{\"@type\":\"WebSite\",\"@id\":\"https:\/\/www.maticasrpska.org.rs\/#website\",\"url\":\"https:\/\/www.maticasrpska.org.rs\/\",\"name\":\"\\u041c\\u0430\\u0442\\u0438\\u0446\\u0430 \\u0441\\u0440\\u043f\\u0441\\u043a\\u0430\",\"description\":\"\\u041d\\u0430\\u0458\\u0441\\u0442\\u0430\\u0440\\u0438\\u0458\\u0430 \\u0441\\u0440\\u043f\\u0441\\u043a\\u0430 \\u043a\\u045a\\u0438\\u0436\\u0435\\u0432\\u043d\\u0430, \\u043a\\u0443\\u043b\\u0442\\u0443\\u0440\\u043d\\u0430 \\u0438 \\u043d\\u0430\\u0443\\u0447\\u043d\\u0430 \\u0438\\u043d\\u0441\\u0442\\u0438\\u0442\\u0443\\u0446\\u0438\\u0458\\u0430\",\"potentialAction\":[{\"@type\":\"SearchAction\",\"target\":\"https:\/\/www.maticasrpska.org.rs\/?s={search_term_string}\",\"query-input\":\"required name=search_term_string\"}],\"inLanguage\":\"en-US\"},{\"@type\":\"WebPage\",\"@id\":\"https:\/\/www.maticasrpska.org.rs\/organi-i-radna-tela-matice-srpske\/%d1%83%d0%bf%d1%80%d0%b0%d0%b2%d0%bd%d0%b8-%d0%be%d0%b4%d0%b1%d0%be%d1%80\/#webpage\",\"url\":\"https:\/\/www.maticasrpska.org.rs\/organi-i-radna-tela-matice-srpske\/%d1%83%d0%bf%d1%80%d0%b0%d0%b2%d0%bd%d0%b8-%d0%be%d0%b4%d0%b1%d0%be%d1%80\/\",\"name\":\"[:sr]\\u0423\\u043f\\u0440\\u0430\\u0432\\u043d\\u0438 \\u043e\\u0434\\u0431\\u043e\\u0440[:en]MANAGEMENT BOARD OF MATICA SRPSKA[:] - \\u041c\\u0430\\u0442\\u0438\\u0446\\u0430 \\u0441\\u0440\\u043f\\u0441\\u043a\\u0430\",\"isPartOf\":{\"@id\":\"https:\/\/www.maticasrpska.org.rs\/#website\"},\"datePublished\":\"2013-06-27T10:13:39+00:00\",\"dateModified\":\"2024-05-07T09:57:11+00:00\",\"breadcrumb\":{\"@id\":\"https:\/\/www.maticasrpska.org.rs\/organi-i-radna-tela-matice-srpske\/%d1%83%d0%bf%d1%80%d0%b0%d0%b2%d0%bd%d0%b8-%d0%be%d0%b4%d0%b1%d0%be%d1%80\/#breadcrumb\"},\"inLanguage\":\"en-US\",\"potentialAction\":[{\"@type\":\"ReadAction\",\"target\":[\"https:\/\/www.maticasrpska.org.rs\/organi-i-radna-tela-matice-srpske\/%d1%83%d0%bf%d1%80%d0%b0%d0%b2%d0%bd%d0%b8-%d0%be%d0%b4%d0%b1%d0%be%d1%80\/\"]}]},{\"@type\":\"BreadcrumbList\",\"@id\":\"https:\/\/www.maticasrpska.org.rs\/organi-i-radna-tela-matice-srpske\/%d1%83%d0%bf%d1%80%d0%b0%d0%b2%d0%bd%d0%b8-%d0%be%d0%b4%d0%b1%d0%be%d1%80\/#breadcrumb\",\"itemListElement\":[{\"@type\":\"ListItem\",\"position\":1,\"item\":{\"@type\":\"WebPage\",\"@id\":\"https:\/\/www.maticasrpska.org.rs\/\",\"url\":\"https:\/\/www.maticasrpska.org.rs\/\",\"name\":\"Home\"}},{\"@type\":\"ListItem\",\"position\":2,\"item\":{\"@type\":\"WebPage\",\"@id\":\"https:\/\/www.maticasrpska.org.rs\/en\/organi-i-radna-tela-matice-srpske\/\",\"url\":\"https:\/\/www.maticasrpska.org.rs\/en\/organi-i-radna-tela-matice-srpske\/\",\"name\":\"\\u041e\\u0440\\u0433\\u0430\\u043d\\u0438 \\u0438 \\u0440\\u0430\\u0434\\u043d\\u0430 \\u0442\\u0435\\u043b\\u0430 \\u041c\\u0430\\u0442\\u0438\\u0446\\u0435 \\u0441\\u0440\\u043f\\u0441\\u043a\\u0435\"}},{\"@type\":\"ListItem\",\"position\":3,\"item\":{\"@id\":\"https:\/\/www.maticasrpska.org.rs\/organi-i-radna-tela-matice-srpske\/%d1%83%d0%bf%d1%80%d0%b0%d0%b2%d0%bd%d0%b8-%d0%be%d0%b4%d0%b1%d0%be%d1%80\/#webpage\"}}]}]}<\/script>\n<!-- \/ Yoast SEO plugin. -->","_links":{"self":[{"href":"https:\/\/www.maticasrpska.org.rs\/en\/wp-json\/wp\/v2\/pages\/1073"}],"collection":[{"href":"https:\/\/www.maticasrpska.org.rs\/en\/wp-json\/wp\/v2\/pages"}],"about":[{"href":"https:\/\/www.maticasrpska.org.rs\/en\/wp-json\/wp\/v2\/types\/page"}],"author":[{"embeddable":true,"href":"https:\/\/www.maticasrpska.org.rs\/en\/wp-json\/wp\/v2\/users\/1"}],"replies":[{"embeddable":true,"href":"https:\/\/www.maticasrpska.org.rs\/en\/wp-json\/wp\/v2\/comments?post=1073"}],"version-history":[{"count":0,"href":"https:\/\/www.maticasrpska.org.rs\/en\/wp-json\/wp\/v2\/pages\/1073\/revisions"}],"up":[{"embeddable":true,"href":"https:\/\/www.maticasrpska.org.rs\/en\/wp-json\/wp\/v2\/pages\/397"}],"wp:attachment":[{"href":"https:\/\/www.maticasrpska.org.rs\/en\/wp-json\/wp\/v2\/media?parent=1073"}],"curies":[{"name":"wp","href":"https:\/\/api.w.org\/{rel}","templated":true}]}}