{"id":23321,"date":"2017-02-08T10:56:55","date_gmt":"2017-02-08T08:56:55","guid":{"rendered":"http:\/\/www.maticasrpska.org.rs\/?page_id=23321"},"modified":"2017-10-04T10:16:20","modified_gmt":"2017-10-04T08:16:20","slug":"the-6th-international-scientific-meeting-mycology-mycotoxicology-and-mycoses","status":"publish","type":"page","link":"https:\/\/www.maticasrpska.org.rs\/en\/the-6th-international-scientific-meeting-mycology-mycotoxicology-and-mycoses\/","title":{"rendered":""},"content":{"rendered":"<p><a href=\"http:\/\/www.maticasrpska.org.rs\/wordpress\/assets\/PROGRAM-MIKOZE-6.pdf\">Programme for The 6th International Scientific Meeting: Mycology, Mycotoxicology, and Mycoses<\/a><\/p>\n<p><span style=\"font-size: 24pt;\"><span style=\"font-size: 24pt;\"><br \/>\nEXTENDED DEADLINE FOR SUBMMITING APPLICATIONS<\/span><\/span><\/p>\n<p>We would like to inform You that the deadline for subbmiting applications for the The 6<sup>th<\/sup> International Scientific Meeting: <em>Mycology, Mycotoxicology and Mycoses<\/em> is extended until April 15<sup>th<\/sup> 2017.<\/p>\n<p>Extended deadline for subbmiting whole papers is June 1<sup>st<\/sup> 2017.<\/p>\n<p>Don\u2019t miss an early bird registration fee (until May 1<sup>st<\/sup>):<\/p>\n<ul>\n<li>80 \u20ac<\/li>\n<li>30 \u20ac for students*<\/li>\n<li>Participation for pensioners is free of charge.<\/li>\n<\/ul>\n<p>(Only participants who pay the registration fee will recieve conference materials, a copy of the <em>Matica Srpska Proceedings for Natural Sciences<\/em>, snacks during the gathering, and gala dinner).<\/p>\n<p>Regular registration (from May 1<sup>st<\/sup>, 2017)<\/p>\n<ul>\n<li>100 \u20ac<\/li>\n<li>50 \u20ac for students*<\/li>\n<li>Participation for pensioners is free of charge.<\/li>\n<\/ul>\n<p>* Students &#8211; authors who pay the registration fee will recieve conference materials, if they wish to attend the gala dinner they must pay an additional 30\u20ac<\/p>\n<p>Keynote speakers at the Meeting are: Antonio F. Logrieco, Jelica Vuki\u0107evi\u0107, Bojan \u0160arkanj, Peter Raspor, Hrvoje Pavlovi\u0107, Birgit Poschmaier.<\/p>\n<p>&nbsp;<\/p>\n<p><span style=\"font-size: 24pt;\">The 6<sup>th<\/sup> International Scientific Meeting:<br \/>\n<em>Mycology, Mycotoxicology and Mycoses<\/em><\/span><\/p>\n<p>&nbsp;<\/p>\n<p>Department of Natural Sciences of Matica Srpska is organizing the 6th International Scientific Meeting: <em>Mycology, Mycotoxicology and Mycoses<\/em>, which will be held in Matica Srpska, Novi Sad (Serbia) 27-29.9.2017.<\/p>\n<p>This Meeting, as well as the previous five (2005, 2007, 2009, 2011, 2013), will have interdisciplinary character where scientific results of numerous domestic and foreign researchers who are engaged in mycology and mycotoxicology of food, animals, and humans, as well as in in all stages of production, storage and transportation of food, in diseases that are caused by toxic metabolites in humans and animals, will be presented. Part of the presented research and papers will be devoted to the environmental aspect, mycoses of humans, animals and plants, and useful fungi which are as used in fermentation technologies.<\/p>\n<p>Papers will be presented in four thematic areas:<\/p>\n<ul>\n<li>Mycology;<\/li>\n<li>Mycotoxins in food and feed;<\/li>\n<li>Human and animal mycotoxicosis;<\/li>\n<li>Human, animal and plant mycosis.<\/li>\n<\/ul>\n<p>Reviewed papers will be published in the <em>Matica Srpska Proceedings for Natural Sciences<\/em>.<\/p>\n<p>Program of the Meeting includes: keynote speakers, oral presentation, poster presentations, as well as company presentations (producers\/distributors of laboratory equipments, chemicals, microbiological media and other commodities for microbiological\/mycotoxicological laboratories, microbiological products).<\/p>\n<p>Don\u2019t miss an early bird registration fee (until May 1<sup>st<\/sup>):<\/p>\n<ul>\n<li>80 \u20ac<\/li>\n<li>30 \u20ac for students*<\/li>\n<li>Participation for pensioners is free of charge.<\/li>\n<\/ul>\n<p>(Only participants who pay the registration fee will recieve conference materials, a copy of the <em>Matica Srpska Proceedings for Natural Sciences<\/em>, snacks during the gathering, and gala dinner).<\/p>\n<p>* Students &#8211; authors who pay the registration fee will recieve conference materials, if they wish to attend the gala dinner they must pay an additional \u20ac 30<\/p>\n<p>The deadline for submitting application form is March 1<sup>st,<\/sup> 2017. Application form should be sent to the email address: <a href=\"mailto:conference2017@maticasrpska.org.rs\">conference2017@maticasrpska.org.rs<\/a><\/p>\n<p>Here you can download <a href=\"http:\/\/www.maticasrpska.org.rs\/wordpress\/assets\/English-Invitation-for-6th-International-Scientific-Meeting.pdf\" target=\"_blank\" rel=\"noopener noreferrer\">Invitation letter<\/a> with all the details, <a href=\"http:\/\/www.maticasrpska.org.rs\/wordpress\/assets\/English-Aplication-form-for-6th-International-Scientific-Meeting.pdf\" target=\"_blank\" rel=\"noopener noreferrer\">Application form<\/a>, <a href=\"http:\/\/www.maticasrpska.org.rs\/wordpress\/assets\/English-Instructions-for-manuscript.pdf\" target=\"_blank\" rel=\"noopener noreferrer\">Instructions for authors<\/a>, and <a href=\"http:\/\/www.maticasrpska.org.rs\/wordpress\/assets\/Instructions-for-payment-in-EUROS.pdf\" target=\"_blank\" rel=\"noopener noreferrer\">Instructions for payment<\/a>.<\/p>\n<p>Welcome!<\/p>","protected":false},"excerpt":{"rendered":"<p>Programme for The 6th International Scientific Meeting: Mycology, Mycotoxicology, and Mycoses EXTENDED DEADLINE FOR SUBMMITING APPLICATIONS We would like to inform You that the deadline for subbmiting applications for the The 6th International Scientific Meeting: Mycology, Mycotoxicology and Mycoses is extended until April 15th 2017. Extended deadline for subbmiting whole papers is June 1st 2017.&hellip; <a href=\"https:\/\/www.maticasrpska.org.rs\/en\/the-6th-international-scientific-meeting-mycology-mycotoxicology-and-mycoses\/\">Continue reading <span class=\"meta-nav\">&rarr;<\/span><\/a><\/p>\n","protected":false},"author":6,"featured_media":0,"parent":0,"menu_order":0,"comment_status":"closed","ping_status":"closed","template":"","meta":[],"yoast_head":"<!-- This site is optimized with the Yoast SEO plugin v16.2 - https:\/\/yoast.com\/wordpress\/plugins\/seo\/ -->\n<meta name=\"robots\" content=\"index, follow, max-snippet:-1, max-image-preview:large, max-video-preview:-1\" \/>\n<link rel=\"canonical\" href=\"https:\/\/www.maticasrpska.org.rs\/en\/the-6th-international-scientific-meeting-mycology-mycotoxicology-and-mycoses\/\" \/>\n<meta property=\"og:locale\" content=\"en_US\" \/>\n<meta property=\"og:type\" content=\"article\" \/>\n<meta property=\"og:title\" content=\"- \u041c\u0430\u0442\u0438\u0446\u0430 \u0441\u0440\u043f\u0441\u043a\u0430\" \/>\n<meta property=\"og:description\" content=\"Programme for The 6th International Scientific Meeting: Mycology, Mycotoxicology, and Mycoses EXTENDED DEADLINE FOR SUBMMITING APPLICATIONS We would like to inform You that the deadline for subbmiting applications for the The 6th International Scientific Meeting: Mycology, Mycotoxicology and Mycoses is extended until April 15th 2017. Extended deadline for subbmiting whole papers is June 1st 2017.&hellip; Continue reading &rarr;\" \/>\n<meta property=\"og:url\" content=\"https:\/\/www.maticasrpska.org.rs\/en\/the-6th-international-scientific-meeting-mycology-mycotoxicology-and-mycoses\/\" \/>\n<meta property=\"og:site_name\" content=\"\u041c\u0430\u0442\u0438\u0446\u0430 \u0441\u0440\u043f\u0441\u043a\u0430\" \/>\n<meta property=\"article:modified_time\" content=\"2017-10-04T08:16:20+00:00\" \/>\n<meta name=\"twitter:label1\" content=\"Est. reading time\">\n\t<meta name=\"twitter:data1\" content=\"5 minutes\">\n<script type=\"application\/ld+json\" class=\"yoast-schema-graph\">{\"@context\":\"https:\/\/schema.org\",\"@graph\":[{\"@type\":\"WebSite\",\"@id\":\"https:\/\/www.maticasrpska.org.rs\/#website\",\"url\":\"https:\/\/www.maticasrpska.org.rs\/\",\"name\":\"\\u041c\\u0430\\u0442\\u0438\\u0446\\u0430 \\u0441\\u0440\\u043f\\u0441\\u043a\\u0430\",\"description\":\"\\u041d\\u0430\\u0458\\u0441\\u0442\\u0430\\u0440\\u0438\\u0458\\u0430 \\u0441\\u0440\\u043f\\u0441\\u043a\\u0430 \\u043a\\u045a\\u0438\\u0436\\u0435\\u0432\\u043d\\u0430, \\u043a\\u0443\\u043b\\u0442\\u0443\\u0440\\u043d\\u0430 \\u0438 \\u043d\\u0430\\u0443\\u0447\\u043d\\u0430 \\u0438\\u043d\\u0441\\u0442\\u0438\\u0442\\u0443\\u0446\\u0438\\u0458\\u0430\",\"potentialAction\":[{\"@type\":\"SearchAction\",\"target\":\"https:\/\/www.maticasrpska.org.rs\/?s={search_term_string}\",\"query-input\":\"required name=search_term_string\"}],\"inLanguage\":\"en-US\"},{\"@type\":\"WebPage\",\"@id\":\"https:\/\/www.maticasrpska.org.rs\/en\/the-6th-international-scientific-meeting-mycology-mycotoxicology-and-mycoses\/#webpage\",\"url\":\"https:\/\/www.maticasrpska.org.rs\/en\/the-6th-international-scientific-meeting-mycology-mycotoxicology-and-mycoses\/\",\"name\":\"- \\u041c\\u0430\\u0442\\u0438\\u0446\\u0430 \\u0441\\u0440\\u043f\\u0441\\u043a\\u0430\",\"isPartOf\":{\"@id\":\"https:\/\/www.maticasrpska.org.rs\/#website\"},\"datePublished\":\"2017-02-08T08:56:55+00:00\",\"dateModified\":\"2017-10-04T08:16:20+00:00\",\"breadcrumb\":{\"@id\":\"https:\/\/www.maticasrpska.org.rs\/en\/the-6th-international-scientific-meeting-mycology-mycotoxicology-and-mycoses\/#breadcrumb\"},\"inLanguage\":\"en-US\",\"potentialAction\":[{\"@type\":\"ReadAction\",\"target\":[\"https:\/\/www.maticasrpska.org.rs\/en\/the-6th-international-scientific-meeting-mycology-mycotoxicology-and-mycoses\/\"]}]},{\"@type\":\"BreadcrumbList\",\"@id\":\"https:\/\/www.maticasrpska.org.rs\/en\/the-6th-international-scientific-meeting-mycology-mycotoxicology-and-mycoses\/#breadcrumb\",\"itemListElement\":[{\"@type\":\"ListItem\",\"position\":1,\"item\":{\"@type\":\"WebPage\",\"@id\":\"https:\/\/www.maticasrpska.org.rs\/\",\"url\":\"https:\/\/www.maticasrpska.org.rs\/\",\"name\":\"Home\"}},{\"@type\":\"ListItem\",\"position\":2,\"item\":{\"@id\":\"https:\/\/www.maticasrpska.org.rs\/en\/the-6th-international-scientific-meeting-mycology-mycotoxicology-and-mycoses\/#webpage\"}}]}]}<\/script>\n<!-- \/ Yoast SEO plugin. -->","_links":{"self":[{"href":"https:\/\/www.maticasrpska.org.rs\/en\/wp-json\/wp\/v2\/pages\/23321"}],"collection":[{"href":"https:\/\/www.maticasrpska.org.rs\/en\/wp-json\/wp\/v2\/pages"}],"about":[{"href":"https:\/\/www.maticasrpska.org.rs\/en\/wp-json\/wp\/v2\/types\/page"}],"author":[{"embeddable":true,"href":"https:\/\/www.maticasrpska.org.rs\/en\/wp-json\/wp\/v2\/users\/6"}],"replies":[{"embeddable":true,"href":"https:\/\/www.maticasrpska.org.rs\/en\/wp-json\/wp\/v2\/comments?post=23321"}],"version-history":[{"count":0,"href":"https:\/\/www.maticasrpska.org.rs\/en\/wp-json\/wp\/v2\/pages\/23321\/revisions"}],"wp:attachment":[{"href":"https:\/\/www.maticasrpska.org.rs\/en\/wp-json\/wp\/v2\/media?parent=23321"}],"curies":[{"name":"wp","href":"https:\/\/api.w.org\/{rel}","templated":true}]}}