{"id":30159,"date":"2021-11-16T08:18:24","date_gmt":"2021-11-16T07:18:24","guid":{"rendered":"https:\/\/www.maticasrpska.org.rs\/?page_id=30159"},"modified":"2022-01-23T12:11:03","modified_gmt":"2022-01-23T11:11:03","slug":"zmslu_49","status":"publish","type":"page","link":"https:\/\/www.maticasrpska.org.rs\/en\/zmslu_49\/","title":{"rendered":"Matica Srpska Journal of Fine Arts no. 49"},"content":{"rendered":"<p><\/p>\n<p><\/p>\n<h3 align=\"center\">C O N T E N T S:<\/h3>\n<p style=\"text-align: center;\" align=\"left\"><b>ARTICLES, TREATISES, CONTRIBUTIONS<\/b><\/p>\n<p><strong>BRANKA \u010c. VRANE\u0160EVI\u0106<\/strong>,<em><em> Visualizaton of the Word: A Contribution to the Study of the Aniconic and Floral Initials of the Gospel Lectionary of Grand Duke Nikola Stanjevi\u0107 <\/em><\/em><em><a href=\" https:\/\/www.maticasrpska.org.rs\/stariSajt\/casopisi\/ZMSLU_49\/01%20Vranesevic.pdf \"><img loading=\"lazy\" src=\"http:\/\/www.maticasrpska.org.rs\/letopis\/page_white_acrobat.png\" alt=\"\" width=\"16\" height=\"16\"><\/a><\/em><br \/>\n<strong>DRAGANA S. PAVLOVI\u0106<\/strong>,<em><em> Portraits of Nobility in Serbian Medieval Art. A contribution to the study of their iconography <\/em><\/em><em><a href=\" https:\/\/www.maticasrpska.org.rs\/stariSajt\/casopisi\/ZMSLU_49\/02 Pavlovic.pdf \"><img loading=\"lazy\" src=\"http:\/\/www.maticasrpska.org.rs\/letopis\/page_white_acrobat.png\" alt=\"\" width=\"16\" height=\"16\"><\/a><\/em><br \/>\n<strong>ANGELINA R. MILOSAVLJEVI\u0106<\/strong>,<em><em> \u201cLa Berretta Ducale con Due Orecchie Grandi\u201d. A Note on an Iconographic Detail in the Double Portrait of Duke Federico da Montefeltro and His Son Guidobaldo <\/em><\/em><em><a href=\" https:\/\/www.maticasrpska.org.rs\/stariSajt\/casopisi\/ZMSLU_49\/03 Milosavljevic.pdf \"><img loading=\"lazy\" src=\"http:\/\/www.maticasrpska.org.rs\/letopis\/page_white_acrobat.png\" alt=\"\" width=\"16\" height=\"16\"><\/a><\/em><br \/>\n<strong>ALEKSANDRA P. KU\u010cEKOVI\u0106<\/strong>,<em><em> Ermineia by the Painter Jovan \u010cetirevi\u0107 Grabovan \u2013 Records and Drawings <\/em><\/em><em><a href=\" https:\/\/www.maticasrpska.org.rs\/stariSajt\/casopisi\/ZMSLU_49\/04 Kucekovic.pdf \"><img loading=\"lazy\" src=\"http:\/\/www.maticasrpska.org.rs\/letopis\/page_white_acrobat.png\" alt=\"\" width=\"16\" height=\"16\"><\/a><\/em><br \/>\n<strong>MILENA G. VRBA\u0160KI<\/strong>,<em><em> Who is on Nikola Ne\u0161kovi\u0107\u2019s &#8220;Self-Portrait&#8221; \u2212 Author\u2019s Reidentification, Questions, and some Answers <\/em><\/em><em><a href=\" https:\/\/www.maticasrpska.org.rs\/stariSajt\/casopisi\/ZMSLU_49\/05 Vrbaski.pdf \"><img loading=\"lazy\" src=\"http:\/\/www.maticasrpska.org.rs\/letopis\/page_white_acrobat.png\" alt=\"\" width=\"16\" height=\"16\"><\/a><\/em><br \/>\n<strong>ANA D. KOSTI\u0106<\/strong>,<em><em> Sacral Architecture and Church Builders in the Principality of Serbia during the First Rule of Prince Milo\u0161 Obrenovi\u0107 (1815-1839) <\/em><\/em><em><a href=\" https:\/\/www.maticasrpska.org.rs\/stariSajt\/casopisi\/ZMSLU_49\/06 Kostic.pdf \"><img loading=\"lazy\" src=\"http:\/\/www.maticasrpska.org.rs\/letopis\/page_white_acrobat.png\" alt=\"\" width=\"16\" height=\"16\"><\/a><\/em><br \/>\n<strong>VUK F. DAUTOVI\u0106<\/strong>,<em><em> Who was Master \u201c\u0421\u0442\u043ei\u0441\u201d \u2212 About the Goldsmith Nikola Stojisiljevi\u0107 <\/em><\/em><em><a href=\" https:\/\/www.maticasrpska.org.rs\/stariSajt\/casopisi\/ZMSLU_49\/07 Dautovic.pdf \"><img loading=\"lazy\" src=\"http:\/\/www.maticasrpska.org.rs\/letopis\/page_white_acrobat.png\" alt=\"\" width=\"16\" height=\"16\"><\/a><\/em><br \/>\n<strong>VANJA V. STOJKOVI\u0106<\/strong>,<em><em> The Piarist Chapel of Saint Stephen in Zrenjanin \u2013 History and Painting <\/em><\/em><em><a href=\" https:\/\/www.maticasrpska.org.rs\/stariSajt\/casopisi\/ZMSLU_49\/08 Stojkovic.pdf \"><img loading=\"lazy\" src=\"http:\/\/www.maticasrpska.org.rs\/letopis\/page_white_acrobat.png\" alt=\"\" width=\"16\" height=\"16\"><\/a><\/em><br \/>\n<strong>JOVANA D. MILOVANOVI\u0106<\/strong>,<em><em> Ceremonial Chamber of Novi Sad City Hall as a Space for the Representation of Rulers \u2013 From Emperor Franz Joseph I and Empress Elisabeth to King Aleksandar and Queen Maria Kara\u0111or\u0111evi\u0107 <\/em><\/em><em><a href=\" https:\/\/www.maticasrpska.org.rs\/stariSajt\/casopisi\/ZMSLU_49\/09 Milovanovic.pdf \"><img loading=\"lazy\" src=\"http:\/\/www.maticasrpska.org.rs\/letopis\/page_white_acrobat.png\" alt=\"\" width=\"16\" height=\"16\"><\/a><\/em><br \/>\n<strong>GORDANA S. KRSTI\u0106 FAYE<\/strong>,<em><em> Auction Sale of Serbian Kings Milan and Aleksandar Obrenovi\u0107 Heritage in Paris in 1906 <\/em><\/em><em><a href=\" https:\/\/www.maticasrpska.org.rs\/stariSajt\/casopisi\/ZMSLU_49\/10 Krstic Faj.pdf \"><img loading=\"lazy\" src=\"http:\/\/www.maticasrpska.org.rs\/letopis\/page_white_acrobat.png\" alt=\"\" width=\"16\" height=\"16\"><\/a><\/em><br \/>\n<strong>OGNJEN D. MINI\u0106<\/strong>,<em><em> Reception of Classical Antiquity: A Case Study of the Music Salon of Villa Stuck in Munich <\/em><\/em><em><a href=\" https:\/\/www.maticasrpska.org.rs\/stariSajt\/casopisi\/ZMSLU_49\/11 Minic.pdf \"><img loading=\"lazy\" src=\"http:\/\/www.maticasrpska.org.rs\/letopis\/page_white_acrobat.png\" alt=\"\" width=\"16\" height=\"16\"><\/a><\/em><br \/>\n<strong>TADIJA B. STEFANOVI\u0106<\/strong>,<em><em> Monuments to King Aleksandar I Kara\u0111or\u0111evi\u0107 in Croatian Urban Areas and their Reception in the Interwar Press <\/em><\/em><em><a href=\" https:\/\/www.maticasrpska.org.rs\/stariSajt\/casopisi\/ZMSLU_49\/12 Stefanovic.pdf \"><img loading=\"lazy\" src=\"http:\/\/www.maticasrpska.org.rs\/letopis\/page_white_acrobat.png\" alt=\"\" width=\"16\" height=\"16\"><\/a><\/em><br \/>\n<strong>MARIYA S. KLYMENKO<\/strong>,<em><em> Archetypes in Alexander Archipenko\u2019s Art <\/em><\/em><em><a href=\" https:\/\/www.maticasrpska.org.rs\/stariSajt\/casopisi\/ZMSLU_49\/13 Klymenko.pdf \"><img loading=\"lazy\" src=\"http:\/\/www.maticasrpska.org.rs\/letopis\/page_white_acrobat.png\" alt=\"\" width=\"16\" height=\"16\"><\/a><\/em><br \/>\n<strong>MANOJLO M. MARAVI\u0106<\/strong>,<em><em> Media \u0410rt by Tanja Vujinovi\u0107 <\/em><\/em><em><a href=\" https:\/\/www.maticasrpska.org.rs\/stariSajt\/casopisi\/ZMSLU_49\/14 Maravic.pdf \"><img loading=\"lazy\" src=\"http:\/\/www.maticasrpska.org.rs\/letopis\/page_white_acrobat.png\" alt=\"\" width=\"16\" height=\"16\"><\/a><\/em><br \/>\n<strong>SONJA R. JANKOV<\/strong>,<em><em> Frieze as a Teaching Device \u2013 Contribution of \u017divojin Pavlovi\u0107 to Architecture of Yugoslav Modernism <\/em><\/em><em><a href=\" https:\/\/www.maticasrpska.org.rs\/stariSajt\/casopisi\/ZMSLU_49\/15 Jankov.pdf \"><img loading=\"lazy\" src=\"http:\/\/www.maticasrpska.org.rs\/letopis\/page_white_acrobat.png\" alt=\"\" width=\"16\" height=\"16\"><\/a><\/em><br \/>\n<strong> MILENA B. JOKANOVI\u0106<\/strong>,<em><em> Museum Building as a Museum Object \u2212 Biography of the 25th May Museum in Belgrade <\/em><\/em><em><a href=\" https:\/\/www.maticasrpska.org.rs\/stariSajt\/casopisi\/ZMSLU_49\/16 Jokanovic.pdf \"><img loading=\"lazy\" src=\"http:\/\/www.maticasrpska.org.rs\/letopis\/page_white_acrobat.png\" alt=\"\" width=\"16\" height=\"16\"><\/a><\/em><\/p>\n<p style=\"text-align: center;\" align=\"left\"><b>REVIEWS<\/b><\/p>\n<p><strong> \u041c\u0410\u041a\u0421\u0418\u041c\u0418\u041b\u0418\u0408\u0410\u041d \u0413. \u0414\u041e\u0420\u041e\u0421\u041b\u041e\u0412\u0410\u0427\u041a\u0418<\/strong>,<em><em> \u0418\u0432\u0430\u043d \u0421\u0442\u0435\u0432\u043e\u0432\u0438\u045b, \u201e\u0412\u0438\u0437\u0430\u043d\u0442\u0438\u0458\u0441\u043a\u0430 \u0446\u0440\u043a\u0432\u0430, \u043e\u0431\u0440\u0430\u0437\u043e\u0432\u0430\u045a\u0435 \u0430\u0440\u0445\u0438\u0442\u0435\u043a\u0442\u043e\u043d\u0441\u043a\u0435 \u0441\u043b\u0438\u043a\u0435 \u0441\u0432\u0435\u0442\u043e\u0441\u0442\u0438, \u041f\u0440\u0435\u0438\u0441\u043f\u0438\u0442\u0438\u0432\u0430\u045a\u0430, \u043f\u0440\u043e\u0431\u043b\u0435\u043c\u0430\u0442\u0438\u043a\u0430 \u0438 \u043f\u0435\u0440\u0441\u043f\u0435\u043a\u00ac\u0442\u0438\u0432\u0435 \u043f\u0440\u043e\u0443\u0447\u0430\u0432\u0430\u045a\u0430 \u0432\u0438\u0437\u0430\u043d\u0442\u0438\u0458\u0441\u043a\u0435 \u0441\u0430\u043a\u0440\u0430\u043b\u043d\u0435 \u0430\u0440\u0445\u0438\u0442\u0435\u043a\u0442\u0443\u0440\u0435 \u201d, \u0415\u0432\u043e\u043b\u0443\u0442\u0430, \u0411\u0435\u043e\u0433\u0440\u0430\u0434 2018 <\/em><\/em><em><a href=\" https:\/\/www.maticasrpska.org.rs\/stariSajt\/casopisi\/ZMSLU_49\/17 Doroslovacki.pdf \"><img loading=\"lazy\" src=\"http:\/\/www.maticasrpska.org.rs\/letopis\/page_white_acrobat.png\" alt=\"\" width=\"16\" height=\"16\"><\/a><\/em><br \/>\n<strong> ANA F. \u0160EPAROVI\u0106<\/strong>,<em><em> Zbirka kao presjek umjetnosti jedne epohe: \u0410\u043d\u0430 \u0420\u0430\u043a\u0438\u045b, \u201e\u0423\u043c\u0435\u0442\u043d\u0438\u0447\u043a\u0430 \u0437\u0431\u0438\u0440\u043a\u0430 \u0420\u0430\u0458\u043a\u0430 \u041c\u0430\u043c\u0443\u0437\u0438\u045b\u0430\u201d, \u0413\u0430\u043b\u0435\u0440\u0438\u0458\u0430 \u043b\u0438\u043a\u043e\u0432\u043d\u0435 \u0443\u043c\u0435\u0442\u043d\u043e\u0441\u0442\u0438 \u041f\u043e\u043a\u043b\u043e\u043d \u0437\u0431\u0438\u0440\u043a\u0430 \u0420\u0430\u0458\u043a\u0430 \u041c\u0430\u043c\u0443\u0437\u0438\u045b\u0430, \u041d\u043e\u0432\u0438 \u0421\u0430\u0434 2019 <\/em><\/em><em><a href=\" https:\/\/www.maticasrpska.org.rs\/stariSajt\/casopisi\/ZMSLU_49\/18 Separovic.pdf \"><img loading=\"lazy\" src=\"http:\/\/www.maticasrpska.org.rs\/letopis\/page_white_acrobat.png\" alt=\"\" width=\"16\" height=\"16\"><\/a><\/em><br \/>\n<strong> \u0421\u0410\u0428\u0410 \u041c. \u0411\u0420\u0410\u0408\u041e\u0412\u0418\u040b<\/strong>,<em><em> \u0418\u0433\u043e\u0440 \u0411\u043e\u0440\u043e\u0437\u0430\u043d, \u201e\u0423\u043c\u0435\u0442\u043d\u0438\u0447\u043a\u0438 \u043f\u0440\u0435\u043e\u0431\u0440\u0430\u0436\u0430\u0458\u0438 \u0412\u043b\u0430\u0445\u0430 \u0411\u0443\u043a\u043e\u0432\u0446\u0430 \u0443 \u043a\u043e\u043d\u0442\u0435\u043a\u0441\u0442\u0443 \u0435\u0432\u0440\u043e\u043f\u0441\u043a\u043e\u0433 \u0441\u043b\u0438\u043a\u0430\u0440\u0441\u0442\u0432\u0430\u201d, \u0413\u0430\u043b\u0435\u0440\u0438\u0458\u0430 \u0421\u0410\u041d\u0423, \u0411\u0435\u043e\u0433\u0440\u0430\u0434 2020 <\/em><\/em><em><a href=\" https:\/\/www.maticasrpska.org.rs\/stariSajt\/casopisi\/ZMSLU_49\/19 Brajovic.pdf\"><img loading=\"lazy\" src=\"http:\/\/www.maticasrpska.org.rs\/letopis\/page_white_acrobat.png\" alt=\"\" width=\"16\" height=\"16\"><\/a><\/em><br \/>\n<strong> \u041d\u0418\u041a\u041e\u041b\u0410 \u041c. \u0418\u0412\u0410\u041d\u041e\u0412\u0418\u040b<\/strong>,<em><em> \u0414\u0438\u0458\u0430\u043d\u0430 \u041c\u0435\u0442\u043b\u0438\u045b, \u201e\u041e\u043b\u0433\u0430 \u041a\u0435\u0448\u0435\u0459\u0435\u0432\u0438\u045b \u0438 \u041c\u0430\u0440\u043a \u0411\u0430\u0440\u0431\u0435\u0437\u0430. \u0408\u0435\u0434\u043d\u0430 \u0441\u0430\u0441\u0432\u0438\u043c (\u043d\u0435)\u043e\u0431\u0438\u0447\u043d\u0430 \u0441\u0440\u043f\u0441\u043a\u043e-\u0444\u0440\u0430\u043d\u0446\u0443\u0441\u043a\u0430 \u0432\u0435\u0437\u0430\u201d, \u0413\u0430\u043b\u0435\u0440\u0438\u0458\u0430 \u041c\u0430\u0442\u0438\u0446\u0435 \u0441\u0440\u043f\u0441\u043a\u0435, \u041d\u043e\u0432\u0438 \u0421\u0430\u0434 2020 <\/em><\/em><em><a href=\" https:\/\/www.maticasrpska.org.rs\/stariSajt\/casopisi\/ZMSLU_49\/20 Ivanovic.pdf\"><img loading=\"lazy\" src=\"http:\/\/www.maticasrpska.org.rs\/letopis\/page_white_acrobat.png\" alt=\"\" width=\"16\" height=\"16\"><\/a><\/em><br \/>\n<strong> \u0412\u0415\u0421\u041d\u0410 \u0421. \u0413\u0410\u0408\u0418\u040b<\/strong>,<em><em> \u041e\u043c\u0430\u0436 \u0431\u0435\u0441\u043a\u0440\u0430\u0458\u043d\u043e\u043c \u043e\u0431\u043d\u0430\u0432\u0459\u0430\u045a\u0443: \u0414\u0430\u043d\u0438\u043b\u043e \u0412\u0443\u043a\u0441\u0430\u043d\u043e\u0432\u0438\u045b, \u0418\u0437\u043b\u043e\u0436\u0431\u0430 \u201e\u041c\u0430\u0442\u0440\u0438\u0446\u0430. \u041c\u043e\u043d\u043e\u043b\u043e\u0433\u0438\u0458\u0430\u201d \u0443 \u0413\u0430\u043b\u0435\u0440\u0438\u0458\u0438 \u041c\u0430\u0442\u0438\u0446\u0435 \u0441\u0440\u043f\u0441\u043a\u0435 (24. \u043e\u043a\u0442\u043e\u0431\u0430\u0440 2020. \u2013 4. \u0430\u043f\u0440\u0438\u043b 2021) <\/em><\/em><em><a href=\" https:\/\/www.maticasrpska.org.rs\/stariSajt\/casopisi\/ZMSLU_49\/21 Gajic.pdf\"><img loading=\"lazy\" src=\"http:\/\/www.maticasrpska.org.rs\/letopis\/page_white_acrobat.png\" alt=\"\" width=\"16\" height=\"16\"><\/a><\/em><br \/>\n<strong> \u0418\u0413\u041e\u0420 \u0411. \u0411\u041e\u0420\u041e\u0417\u0410\u041d<\/strong>,<em><em> \u0421\u043d\u0435\u0436\u0430\u043d\u0430 \u041c\u0438\u0448\u0438\u045b, \u201e\u0402\u0443\u0440\u0430 \u0408\u0430\u043a\u0448\u0438\u045b. \u0418\u0437\u043c\u0435\u0452\u0443 \u043c\u0438\u0442\u0430 \u0438 \u0441\u0442\u0432\u0430\u0440\u043d\u043e\u0441\u0442\u0438\u201d, \u0413\u0430\u043b\u0435\u0440\u0438\u0458\u0430 \u041c\u0430\u0442\u0438\u0446\u0435 \u0441\u0440\u043f\u0441\u043a\u0435, \u041d\u043e\u0432\u0438 \u0421\u0430\u0434 2020. <\/em><\/em><em><a href=\" https:\/\/www.maticasrpska.org.rs\/stariSajt\/casopisi\/ZMSLU_49\/22 Borozan.pdf\"><img loading=\"lazy\" src=\"http:\/\/www.maticasrpska.org.rs\/letopis\/page_white_acrobat.png\" alt=\"\" width=\"16\" height=\"16\"><\/a><\/em><\/p>\n<p><strong>\u0418\u041c\u0415\u041d\u0421\u041a\u0418 \u0420\u0415\u0413\u0418\u0421\u0422\u0410\u0420<\/strong>, <em><a href=\" https:\/\/www.maticasrpska.org.rs\/stariSajt\/casopisi\/ZMSLU_49\/23a Imenski registar.pdf.pdf\"><img loading=\"lazy\" src=\"http:\/\/www.maticasrpska.org.rs\/letopis\/page_white_acrobat.png\" alt=\"\" width=\"16\" height=\"16\"><\/a><\/em><br \/>\n<strong>\u0413\u0415\u041e\u0413\u0420\u0410\u0424\u0421\u041a\u0418 \u0420\u0415\u0413\u0418\u0421\u0422\u0410\u0420<\/strong>, <em><a href=\" https:\/\/www.maticasrpska.org.rs\/stariSajt\/casopisi\/ZMSLU_49\/23b Geografski registar.pdf.pdf\"><img loading=\"lazy\" src=\"http:\/\/www.maticasrpska.org.rs\/letopis\/page_white_acrobat.png\" alt=\"\" width=\"16\" height=\"16\"><\/a><\/em><br \/>\n<strong>REVIEWERS<\/strong>, <em><a href=\" https:\/\/www.maticasrpska.org.rs\/stariSajt\/casopisi\/ZMSLU_49\/Reviewers.pdf\"><img loading=\"lazy\" class=\"alignnone\" src=\"http:\/\/www.maticasrpska.org.rs\/letopis\/page_white_acrobat.png\" alt=\"\" width=\"16\" height=\"16\"><\/a><\/em><br \/>\n<strong>IMPRESSUM<\/strong>, <em><a href=\" https:\/\/www.maticasrpska.org.rs\/stariSajt\/casopisi\/ZMSLU_49\/Impressum.pdf\"><img loading=\"lazy\" class=\"alignnone\" src=\"http:\/\/www.maticasrpska.org.rs\/letopis\/page_white_acrobat.png\" alt=\"\" width=\"16\" height=\"16\"><\/a><\/em><br \/>\n<\/p>","protected":false},"excerpt":{"rendered":"<p>C O N T E N T S: ARTICLES, TREATISES, CONTRIBUTIONS BRANKA \u010c. VRANE\u0160EVI\u0106, Visualizaton of the Word: A Contribution to the Study of the Aniconic and Floral Initials of the Gospel Lectionary of Grand Duke Nikola Stanjevi\u0107 DRAGANA S. PAVLOVI\u0106, Portraits of Nobility in Serbian Medieval Art. A contribution to the study of their&hellip; <a href=\"https:\/\/www.maticasrpska.org.rs\/en\/zmslu_49\/\">Continue reading <span class=\"meta-nav\">&rarr;<\/span><\/a><\/p>\n","protected":false},"author":6,"featured_media":0,"parent":0,"menu_order":0,"comment_status":"closed","ping_status":"closed","template":"","meta":[],"yoast_head":"<!-- This site is optimized with the Yoast SEO plugin v16.2 - https:\/\/yoast.com\/wordpress\/plugins\/seo\/ -->\n<meta name=\"robots\" content=\"index, follow, max-snippet:-1, max-image-preview:large, max-video-preview:-1\" \/>\n<link rel=\"canonical\" href=\"https:\/\/www.maticasrpska.org.rs\/zmslu_49\/\" \/>\n<meta property=\"og:locale\" content=\"en_US\" \/>\n<meta property=\"og:type\" content=\"article\" \/>\n<meta property=\"og:title\" content=\"[:sr]\u0417\u0431\u043e\u0440\u043d\u0438\u043a \u041c\u0430\u0442\u0438\u0446\u0435 \u0441\u0440\u043f\u0441\u043a\u0435 \u0437\u0430 \u043b\u0438\u043a\u043e\u0432\u043d\u0435 \u0443\u043c\u0435\u0442\u043d\u043e\u0441\u0442\u0438 \u0431\u0440\u043e\u0458 49[:en]Matica Srpska Journal of Fine Arts no. 49[:] - \u041c\u0430\u0442\u0438\u0446\u0430 \u0441\u0440\u043f\u0441\u043a\u0430\" \/>\n<meta property=\"og:description\" content=\"C O N T E N T S: ARTICLES, TREATISES, CONTRIBUTIONS BRANKA \u010c. VRANE\u0160EVI\u0106, Visualizaton of the Word: A Contribution to the Study of the Aniconic and Floral Initials of the Gospel Lectionary of Grand Duke Nikola Stanjevi\u0107 DRAGANA S. PAVLOVI\u0106, Portraits of Nobility in Serbian Medieval Art. A contribution to the study of their&hellip; Continue reading &rarr;\" \/>\n<meta property=\"og:url\" content=\"https:\/\/www.maticasrpska.org.rs\/zmslu_49\/\" \/>\n<meta property=\"og:site_name\" content=\"\u041c\u0430\u0442\u0438\u0446\u0430 \u0441\u0440\u043f\u0441\u043a\u0430\" \/>\n<meta property=\"article:modified_time\" content=\"2022-01-23T11:11:03+00:00\" \/>\n<meta property=\"og:image\" content=\"http:\/\/www.maticasrpska.org.rs\/letopis\/page_white_acrobat.png\" \/>\n<meta name=\"twitter:label1\" content=\"Est. reading time\">\n\t<meta name=\"twitter:data1\" content=\"14 minutes\">\n<script type=\"application\/ld+json\" class=\"yoast-schema-graph\">{\"@context\":\"https:\/\/schema.org\",\"@graph\":[{\"@type\":\"WebSite\",\"@id\":\"https:\/\/www.maticasrpska.org.rs\/#website\",\"url\":\"https:\/\/www.maticasrpska.org.rs\/\",\"name\":\"\\u041c\\u0430\\u0442\\u0438\\u0446\\u0430 \\u0441\\u0440\\u043f\\u0441\\u043a\\u0430\",\"description\":\"\\u041d\\u0430\\u0458\\u0441\\u0442\\u0430\\u0440\\u0438\\u0458\\u0430 \\u0441\\u0440\\u043f\\u0441\\u043a\\u0430 \\u043a\\u045a\\u0438\\u0436\\u0435\\u0432\\u043d\\u0430, \\u043a\\u0443\\u043b\\u0442\\u0443\\u0440\\u043d\\u0430 \\u0438 \\u043d\\u0430\\u0443\\u0447\\u043d\\u0430 \\u0438\\u043d\\u0441\\u0442\\u0438\\u0442\\u0443\\u0446\\u0438\\u0458\\u0430\",\"potentialAction\":[{\"@type\":\"SearchAction\",\"target\":\"https:\/\/www.maticasrpska.org.rs\/?s={search_term_string}\",\"query-input\":\"required name=search_term_string\"}],\"inLanguage\":\"en-US\"},{\"@type\":\"ImageObject\",\"@id\":\"https:\/\/www.maticasrpska.org.rs\/zmslu_49\/#primaryimage\",\"inLanguage\":\"en-US\",\"url\":\"http:\/\/www.maticasrpska.org.rs\/letopis\/page_white_acrobat.png\",\"contentUrl\":\"http:\/\/www.maticasrpska.org.rs\/letopis\/page_white_acrobat.png\"},{\"@type\":\"WebPage\",\"@id\":\"https:\/\/www.maticasrpska.org.rs\/zmslu_49\/#webpage\",\"url\":\"https:\/\/www.maticasrpska.org.rs\/zmslu_49\/\",\"name\":\"[:sr]\\u0417\\u0431\\u043e\\u0440\\u043d\\u0438\\u043a \\u041c\\u0430\\u0442\\u0438\\u0446\\u0435 \\u0441\\u0440\\u043f\\u0441\\u043a\\u0435 \\u0437\\u0430 \\u043b\\u0438\\u043a\\u043e\\u0432\\u043d\\u0435 \\u0443\\u043c\\u0435\\u0442\\u043d\\u043e\\u0441\\u0442\\u0438 \\u0431\\u0440\\u043e\\u0458 49[:en]Matica Srpska Journal of Fine Arts no. 49[:] - \\u041c\\u0430\\u0442\\u0438\\u0446\\u0430 \\u0441\\u0440\\u043f\\u0441\\u043a\\u0430\",\"isPartOf\":{\"@id\":\"https:\/\/www.maticasrpska.org.rs\/#website\"},\"primaryImageOfPage\":{\"@id\":\"https:\/\/www.maticasrpska.org.rs\/zmslu_49\/#primaryimage\"},\"datePublished\":\"2021-11-16T07:18:24+00:00\",\"dateModified\":\"2022-01-23T11:11:03+00:00\",\"breadcrumb\":{\"@id\":\"https:\/\/www.maticasrpska.org.rs\/zmslu_49\/#breadcrumb\"},\"inLanguage\":\"en-US\",\"potentialAction\":[{\"@type\":\"ReadAction\",\"target\":[\"https:\/\/www.maticasrpska.org.rs\/zmslu_49\/\"]}]},{\"@type\":\"BreadcrumbList\",\"@id\":\"https:\/\/www.maticasrpska.org.rs\/zmslu_49\/#breadcrumb\",\"itemListElement\":[{\"@type\":\"ListItem\",\"position\":1,\"item\":{\"@type\":\"WebPage\",\"@id\":\"https:\/\/www.maticasrpska.org.rs\/\",\"url\":\"https:\/\/www.maticasrpska.org.rs\/\",\"name\":\"Home\"}},{\"@type\":\"ListItem\",\"position\":2,\"item\":{\"@id\":\"https:\/\/www.maticasrpska.org.rs\/zmslu_49\/#webpage\"}}]}]}<\/script>\n<!-- \/ Yoast SEO plugin. -->","_links":{"self":[{"href":"https:\/\/www.maticasrpska.org.rs\/en\/wp-json\/wp\/v2\/pages\/30159"}],"collection":[{"href":"https:\/\/www.maticasrpska.org.rs\/en\/wp-json\/wp\/v2\/pages"}],"about":[{"href":"https:\/\/www.maticasrpska.org.rs\/en\/wp-json\/wp\/v2\/types\/page"}],"author":[{"embeddable":true,"href":"https:\/\/www.maticasrpska.org.rs\/en\/wp-json\/wp\/v2\/users\/6"}],"replies":[{"embeddable":true,"href":"https:\/\/www.maticasrpska.org.rs\/en\/wp-json\/wp\/v2\/comments?post=30159"}],"version-history":[{"count":0,"href":"https:\/\/www.maticasrpska.org.rs\/en\/wp-json\/wp\/v2\/pages\/30159\/revisions"}],"wp:attachment":[{"href":"https:\/\/www.maticasrpska.org.rs\/en\/wp-json\/wp\/v2\/media?parent=30159"}],"curies":[{"name":"wp","href":"https:\/\/api.w.org\/{rel}","templated":true}]}}