{"id":37419,"date":"2025-05-09T08:44:06","date_gmt":"2025-05-09T07:44:06","guid":{"rendered":"https:\/\/www.maticasrpska.org.rs\/?page_id=37419"},"modified":"2025-05-09T11:00:51","modified_gmt":"2025-05-09T10:00:51","slug":"zmspn_148","status":"publish","type":"page","link":"https:\/\/www.maticasrpska.org.rs\/en\/zmspn_148\/","title":{"rendered":"\u0417\u0431\u043e\u0440\u043d\u0438\u043a \u041c\u0430\u0442\u0438\u0446\u0435 \u0441\u0440\u043f\u0441\u043a\u0435 \u0437\u0430 \u043f\u0440\u0438\u0440\u043e\u0434\u043d\u0435 \u043d\u0430\u0443\u043a\u0435, \u0441\u0432\u0435\u0441\u043a\u0430 148, \u0433\u043e\u0434\u0438\u043d\u0430 2025."},"content":{"rendered":"\n\n\n<table style=\"border-collapse: collapse; width: 100%; height: 910px;\">\n<tbody>\n<tr style=\"height: 23px;\">\n<td style=\"width: 47.619%; text-align: right; height: 23px;\">\u0421\u0410\u0414\u0420\u0416\u0410\u0408<\/td>\n<td style=\"width: 5.47617%; height: 23px; text-align: center;\">&nbsp;<\/td>\n<td style=\"width: 46.9047%; text-align: left; height: 23px;\">CONTENTS<\/td>\n<\/tr>\n<tr style=\"height: 23px;\">\n<td style=\"width: 47.619%; text-align: right; height: 23px;\">&nbsp;<\/td>\n<td style=\"width: 5.47617%; height: 23px; text-align: center;\">&nbsp;<\/td>\n<td style=\"width: 46.9047%; text-align: left; height: 23px;\">&nbsp;<\/td>\n<\/tr>\n<tr style=\"height: 23px;\">\n<td style=\"width: 47.619%; text-align: right; height: 23px;\">\u0427\u041b\u0410\u041d\u0426\u0418 \u0418 \u0420\u0410\u0421\u041f\u0420\u0410\u0412\u0415<\/td>\n<td style=\"width: 5.47617%; height: 23px; text-align: center;\">&nbsp;<\/td>\n<td style=\"width: 46.9047%; text-align: left; height: 23px;\">ARTICLES AND TREATISES<\/td>\n<\/tr>\n<tr style=\"height: 87px;\">\n<td style=\"width: 47.619%; text-align: right; height: 73px;\">\n<p>\u0414\u0435\u0458\u0430\u043d \u0412. \u0421\u0442\u043e\u0458\u0430\u043d\u043e\u0432\u0438\u045b <br>Amephana dalmatica (Rebel, 1919) (Lepidoptera: Noctuidae) \u041f\u0420\u041e\u041d\u0410\u0402\u0415\u041d\u0410 \u0423 \u041f\u0410\u0420\u00ad\u041a\u0423 \u041f\u0420\u0418\u0420\u041e\u0414\u0415 \u201e\u0413\u041e\u041b\u0418\u0408\u0410\u201d \u2212 \u041d\u041e\u0412\u0410 \u0412\u0420\u0421\u0422\u0410 \u0423 \u0424\u0410\u0423\u041d\u0418 \u0421\u0420\u0411\u0418\u0408\u0415 <br>7\u201316<br>https:\/\/doi.org\/10.2298\/ZMSPN2548007S<\/p>\n<\/td>\n<td style=\"width: 5.47617%; height: 73px; text-align: center;\"><strong style=\"font-size: inherit;\"><em><a href=\"https:\/\/www.maticasrpska.org.rs\/stariSajt\/casopisi\/ZMSPN_148\/01%20Stojanovic.pdf\"><img loading=\"lazy\" class=\"alignnone\" src=\"http:\/\/www.maticasrpska.org.rs\/letopis\/page_white_acrobat.png\" alt=\"\" width=\"16\" height=\"16\"><\/a><\/em><\/strong><\/td>\n<td style=\"width: 46.9047%; text-align: left; height: 73px;\">\n<p>Dejan V. Stojanovi\u0107<br>Amephana dalmatica (Rebel, 1919) (Lepidoptera: Noctuidae) FOUND IN THE NATURE PARK \u201cGOLIJA\u201d \u2212 A NEW SPECIES IN THE FAUNA OF THE REPUBLIC OF SERBIA<br>7\u201316<br>https:\/\/doi.org\/10.2298\/ZMSPN2548007S<\/p>\n<\/td>\n<\/tr>\n<tr style=\"height: 87px;\">\n<td style=\"width: 47.619%; text-align: right; height: 10px;\">\n<p>\u0421\u043b\u0430\u0432\u0438\u0446\u0430 \u041c\u0438\u0445\u0430\u0438\u043b\u043e \u0413\u0440\u0443\u0458\u0438\u045b, \u0418\u0432\u043e\u043d\u0430 \u0417. \u0412\u0435\u043b\u0438\u0447\u043a\u043e\u0432\u0438\u045b, \u041c\u0430\u0440\u0438\u043d\u0430 \u0414. \u0421\u043e\u043a\u043e\u0432\u0438\u045b, \u0421\u043b\u043e\u0431\u043e\u0434\u0430\u043d \u0421. \u041f\u0435\u0442\u0440\u043e\u0432\u0438\u045b, \u041d\u0430\u0434\u0430 \u0412. \u041f\u0435\u0442\u0440\u043e\u0432\u0438\u045b <br>Thymus praecox subsp. polytrichus: A\u041d\u0422\u0418\u041c\u0418\u041a\u0420\u041e\u0411\u041d\u0410 \u0418 \u0410\u041d\u0422\u0418\u0414\u0418\u0408\u0410\u0411\u0415\u0422\u0418\u0427\u041d\u0410 \u0410\u041a\u0422\u0418\u0412\u041d\u041e\u0421\u0422 \u0415\u0422\u0410\u041d\u041e\u041b\u041d\u0418\u0425 \u0415\u041a\u0421\u0422\u0420\u0410\u041a\u0410\u0422\u0410<br>17\u201326<br>https:\/\/doi.org\/10.2298\/ZMSPN2548017G<\/p>\n<\/td>\n<td style=\"width: 5.47617%; height: 10px; text-align: center;\"><strong style=\"font-size: inherit;\"><em><a href=\"https:\/\/www.maticasrpska.org.rs\/stariSajt\/casopisi\/ZMSPN_148\/02 Grujic Velickovic Sokovic Petrovic Petrovic.pdf\"><img loading=\"lazy\" class=\"alignnone\" src=\"http:\/\/www.maticasrpska.org.rs\/letopis\/page_white_acrobat.png\" alt=\"\" width=\"16\" height=\"16\"><\/a><\/em><\/strong><\/td>\n<td style=\"width: 46.9047%; text-align: left; height: 10px;\">\n<p>Slavica M. Gruji\u0107, Ivona Z. Veli\u010dkovi\u0107, Marina D. Sokovi\u0107, Slobodan S. Petrovi\u0107, Nada V. Petrovi\u0107<br>Thymus praecox subsp. polytrichus: ANTIMICROBIAL AND ANTIDIABETIC ACTIVITY OF ETHANOL EXTRACTS<br>17\u201326<br>https:\/\/doi.org\/10.2298\/ZMSPN2548017G<\/p>\n<\/td>\n<\/tr>\n<tr style=\"height: 87px;\">\n<td style=\"width: 47.619%; text-align: right; height: 42px;\">\n<p>\u0420\u0443\u0434\u043e\u043b\u0444 \u0420. \u041a\u0430\u0441\u0442\u043e\u0440\u0438, \u0418\u0432\u0430\u043d\u0430 \u0412. \u041c\u0430\u043a\u0441\u0438\u043c\u043e\u0432\u0438\u045b, \u041c\u0430\u0440\u0438\u043d\u0430 \u0418. \u041f\u0443\u0442\u00ad\u043d\u0438\u043a-\u0414\u0435\u043b\u0438\u045b <br>\u0426\u0415\u0420\u0418\u0408\u0423\u041c \u0418 \u0412\u0418\u0428\u0415 \u0411\u0418\u0409\u041a\u0415 <br>27\u201343<br>https:\/\/doi.org\/10.2298\/ZMSPN2548027K<\/p>\n<\/td>\n<td style=\"width: 5.47617%; height: 42px; text-align: center;\"><strong style=\"font-size: inherit;\"><em><a href=\"https:\/\/www.maticasrpska.org.rs\/stariSajt\/casopisi\/ZMSPN_148\/03 Kastori Maksimovic Putnik-Delic.pdf\"><img loading=\"lazy\" class=\"alignnone\" src=\"http:\/\/www.maticasrpska.org.rs\/letopis\/page_white_acrobat.png\" alt=\"\" width=\"16\" height=\"16\"><\/a><\/em><\/strong><\/td>\n<td style=\"width: 46.9047%; text-align: left; height: 42px;\">\n<p>Rudolf R. Kastori, Ivana V. Maksimovi\u0107, Marina I. Putnik-Deli\u0107<br>CERIUM AND HIGHER PLANTS<br>27\u201343<br>https:\/\/doi.org\/10.2298\/ZMSPN2548027K<\/p>\n<\/td>\n<\/tr>\n<tr style=\"height: 87px;\">\n<td style=\"width: 47.619%; text-align: right; height: 23px;\">\n<p>\u041d\u0430\u0434\u0435\u0436\u0434\u0430 \u0411. \u0422\u0435\u0448\u0438\u043d, \u0417\u043e\u0440\u0430\u043d\u0430 \u0420. \u041a\u043e\u0432\u0430\u0447\u0435\u0432\u0438\u045b <br>\u0410\u041d\u0422\u0418\u041c\u0418\u041a\u0420\u041e\u0411\u041d\u0418 \u041f\u0420\u0418\u041d\u0426\u0418\u041f\u0418 \u0423 \u0414\u0418\u0408\u0410\u0413\u041d\u041e\u0421\u0422\u0418\u0426\u0418 \u0418 \u0422\u0415\u0420\u0410\u041f\u0418\u0408\u0418 \u041f\u0418\u041e\u00ad\u0414\u0415\u0420\u00ad\u041c\u0415 \u041f\u0410\u0421\u0410: \u041f\u0420\u0415\u0413\u041b\u0415\u0414<br>45\u201356<br>https:\/\/doi.org\/10.2298\/ZMSPN2548045T<\/p>\n<\/td>\n<td style=\"width: 5.47617%; height: 23px; text-align: center;\"><strong style=\"font-size: inherit;\"><em><a href=\"https:\/\/www.maticasrpska.org.rs\/stariSajt\/casopisi\/ZMSPN_148\/04 Tesin Kovacevic.pdf\"><img loading=\"lazy\" class=\"alignnone\" src=\"http:\/\/www.maticasrpska.org.rs\/letopis\/page_white_acrobat.png\" alt=\"\" width=\"16\" height=\"16\"><\/a><\/em><\/strong><\/td>\n<td style=\"width: 46.9047%; text-align: left; height: 23px;\">\n<p>Nade\u017eda B. Te\u0161in, Zorana R. Kova\u010devi\u0107<br>ANTIMICROBIAL PRINCIPLES IN THE DIAGNOSIS AND THERAPY OF CANINE PYODERMA: A REVIEW<br>45\u201356<br>https:\/\/doi.org\/10.2298\/ZMSPN2548045T<\/p>\n<\/td>\n<\/tr>\n<tr style=\"height: 87px;\">\n<td style=\"width: 47.619%; text-align: right; height: 10px;\">\n<p>\u0408\u0435\u043b\u0435\u043d\u0430 \u0414. \u0423\u0440\u043e\u0448\u0435\u0432\u0438\u045b, \u0410\u043b\u0435\u0445 \u0418. \u0420\u043e\u0434\u0437\u043a\u0438\u043d, \u0424\u0438\u043b\u0438\u043f \u0410. \u0408\u043e\u0432\u0430\u00ad\u043d\u043e\u00ad\u0432\u0438\u045b, \u0412\u043e\u0458\u0438\u043d M. \u0422\u0430\u0434\u0438\u045b, \u0413\u043e\u0440\u0430\u043d \u0402. \u0422\u0440\u0438\u0432\u0430\u043d, \u0414\u0440\u0430\u0433\u0438\u0446\u0430 \u041c. \u0421\u0442\u0430\u043d\u00ad\u043a\u043e\u0432\u0438\u045b <br>\u041f\u0420\u0418\u041c\u0415\u041d\u0410 \u0411\u0418\u041e\u041c\u0410\u0421\u0415 \u0420\u0410\u0417\u041b\u0418\u0427\u0418\u0422\u0418\u0425 \u041a\u041b\u041e\u041d\u041e\u0412\u0410 \u0418\u0417 \u0420\u041e\u0414\u0410 Salix L. \u0423 \u041f\u0420\u041e\u00ad\u0426\u0415\u00ad\u0421\u0423 \u0414\u0415\u041a\u0410\u0420\u0411\u041e\u041a\u0421\u0418\u041b\u0410\u0426\u0418\u0408\u0415 \u041f\u0420\u0418 \u041f\u0420\u041e\u0418\u0417\u0412\u041e\u0414\u040a\u0418 \u0415\u041d\u0415\u0420\u0413\u0418\u0408\u0415 <br>57\u201369<br>https:\/\/doi.org\/10.2298\/ZMSPN2548057U<\/p>\n<\/td>\n<td style=\"width: 5.47617%; height: 23px; text-align: center;\"><strong style=\"font-size: inherit;\"><em><a href=\"https:\/\/www.maticasrpska.org.rs\/stariSajt\/casopisi\/ZMSPN_148\/05 Urosevic Rodzkin Jovanovic Radic Trivan Stankovic.pdf\"><img loading=\"lazy\" class=\"alignnone\" src=\"http:\/\/www.maticasrpska.org.rs\/letopis\/page_white_acrobat.png\" alt=\"\" width=\"16\" height=\"16\"><\/a><\/em><\/strong><\/td>\n<td style=\"width: 46.9047%; text-align: left; height: 23px;\">\n<p>Jelena D. Uro\u0161evi\u0107, Aleh I. Rodzkin, Filip A. Jovanovi\u0107, Vojin M. Tadi\u0107, Goran \u0110. Trivan, Dragica M. Stankovi\u0107<br>BIOMASSES OF DIFFERENT Salix L. CLONES IN THE DECARBOXYLATION PROCESS DURING ENERGY PRODUCTION<br>57\u201369<br>https:\/\/doi.org\/10.2298\/ZMSPN2548057U<\/p>\n<\/td>\n<\/tr>\n<tr style=\"height: 87px;\">\n<td style=\"width: 47.619%; text-align: right; height: 10px;\">\n<p>\u0413\u043e\u0440\u0434\u0430\u043d\u0430 \u0414. \u0422\u0430\u043c\u0438\u043d\u045f\u0438\u045b, \u0421\u043b\u043e\u0431\u043e\u0434\u0430\u043d A. \u0412\u043b\u0430\u0458\u0438\u045b, \u0412\u0443\u043a\u0430\u0448\u0438\u043d \u0412. \u041f\u043e\u00ad\u043f\u043e\u0432\u0438\u045b, \u0414\u0440\u0430\u0433\u0430\u043d\u0430 \u0402. \u041c\u0438\u0459\u0430\u043a\u043e\u0432\u0438\u045b, \u0414\u0443\u0448\u0438\u0446\u0430 \u0414. \u0408\u043e\u0432\u0438\u0447\u0438\u045b, \u0414\u0440\u0430\u00ad\u0433\u0430\u043d\u0430 \u041d. \u041c\u0438\u043b\u043e\u0448\u0435\u0432\u0438\u045b, \u041c\u0430\u0458\u0430 \u0412. \u0418\u0433\u045a\u0430\u0442\u043e\u0432 <br>\u0423\u0422\u0418\u0426\u0410\u0408 \u041f\u0415\u0413-\u0418\u041d\u0414\u0423\u041a\u041e\u0412\u0410\u041d\u0415 \u0421\u0423\u0428\u0415 \u041d\u0410 \u041a\u041b\u0418\u0408\u0410\u0412\u041e\u0421\u0422 \u0421\u0415\u041c\u0415\u041d\u0410 \u0418 \u041f\u041e\u0427\u0415\u0422\u00ad\u041d\u0418 \u041f\u041e\u0420\u0410\u0421\u0422 \u0411\u0418\u0409\u0410\u041a\u0410 \u0422\u0420\u0418 \u0421\u041e\u0420\u0422\u0415 \u041a\u0420\u0410\u0421\u0422\u0410\u0412\u0426\u0410 <br>71\u201381<br>https:\/\/doi.org\/10.2298\/ZMSPN2548071T<\/p>\n<\/td>\n<td style=\"width: 5.47617%; height: 10px; text-align: center;\"><strong style=\"font-size: inherit;\"><em><a href=\"https:\/\/www.maticasrpska.org.rs\/stariSajt\/casopisi\/ZMSPN_148\/06 Tamindzic Vlajic Popovic Miljakovic Jovicic Milosevic Ignjatov.pdf\"><img loading=\"lazy\" class=\"alignnone\" src=\"http:\/\/www.maticasrpska.org.rs\/letopis\/page_white_acrobat.png\" alt=\"\" width=\"16\" height=\"16\"><\/a><\/em><\/strong><\/td>\n<td style=\"width: 46.9047%; text-align: left; height: 10px;\">\n<p><span style=\"font-family: inherit; font-size: inherit; font-weight: inherit;\">Gordana D. Tamind\u017ei\u0107, Slobodan A. Vlaji\u0107, Vuka\u0161in V. Popo\u00advi\u0107, Dragana \u0110. Miljakovi\u0107, Du\u0161ica D. Jovi\u010di\u0107, Dragana N. Milo\u0161evi\u0107, Maja V. Ignjatov<br><\/span><span style=\"font-family: inherit; font-size: inherit; font-weight: inherit;\">EFFECT OF PEG-INDUCED DROUGHT STRESS ON SEED GERMINATION AND INITIAL GROWTH OF THREE CUCUMBER CULTIVARS <br><\/span><span style=\"font-family: inherit; font-size: inherit; font-weight: inherit;\">71\u201381<br>https:\/\/doi.org\/10.2298\/ZMSPN2548071T<br><\/span><\/p>\n<\/td>\n<tr style=\"height: 23px;\">\n<td style=\"width: 47.619%; text-align: right; height: 23px;\">&nbsp;<\/td>\n<td style=\"width: 5.47617%; height: 23px; text-align: center;\">&nbsp;<\/td>\n<td style=\"width: 46.9047%; text-align: left; height: 23px;\">&nbsp;<\/td>\n<\/tr>\n<\/tr>\n<tr style=\"height: 23px;\">\n<td style=\"width: 47.619%; text-align: right; height: 23px;\">\u041f\u041e\u041b\u0418\u0422\u0418\u041a\u0410 \u0423\u0420\u0415\u0414\u041d\u0418\u0428\u0422\u0412\u0410<\/td>\n<td style=\"width: 5.47617%; height: 23px; text-align: center;\"><strong style=\"font-size: inherit;\"><em><a href=\"http:\/\/www.maticasrpska.org.rs\/wordpress\/assets\/EDITORIAL-POLICY.pdf\"><img loading=\"lazy\" class=\"alignnone\" src=\"http:\/\/www.maticasrpska.org.rs\/letopis\/page_white_acrobat.png\" alt=\"\" width=\"16\" height=\"16\"><\/a><\/em><\/strong><\/td>\n<td style=\"width: 46.9047%; text-align: left; height: 23px;\">EDITORIAL POLICY<\/td>\n<\/tr>\n<tr style=\"height: 23px;\">\n<td style=\"width: 99.9999%; text-align: center; height: 23px;\" colspan=\"3\">83\u201389<\/td>\n<\/tr>\n<tr style=\"height: 23px;\">\n<td style=\"width: 47.619%; text-align: right; height: 23px;\">&nbsp;<\/td>\n<td style=\"width: 5.47617%; height: 23px;\">&nbsp;<\/td>\n<td style=\"width: 46.9047%; text-align: left; height: 23px;\">&nbsp;<\/td>\n<\/tr>\n<tr style=\"height: 23px;\">\n<td style=\"width: 47.619%; text-align: right; height: 23px;\">\u0423\u041f\u0423\u0422\u0421\u0422\u0412\u041e \u0417\u0410 \u0410\u0423\u0422\u041e\u0420\u0415<\/td>\n<td style=\"width: 5.47617%; height: 23px; text-align: center;\"><strong style=\"font-size: inherit;\"><em><a href=\"http:\/\/www.maticasrpska.org.rs\/wordpress\/assets\/INSTRUCTION-TO-ATHORS.pdf\"><img loading=\"lazy\" class=\"alignnone\" src=\"http:\/\/www.maticasrpska.org.rs\/letopis\/page_white_acrobat.png\" alt=\"\" width=\"16\" height=\"16\"><\/a><\/em><\/strong><\/td>\n<td style=\"width: 46.9047%; text-align: left; height: 23px;\">INSTRUCTIONS FOR AUTHORS<\/td>\n<\/tr>\n<tr style=\"height: 23px;\">\n<td style=\"text-align: center; height: 23px; width: 99.9999%;\" colspan=\"3\">90\u201392<\/td>\n<\/tr>\n<tr>\n<td style=\"text-align: center; width: 47.619%;\">&nbsp;<\/td>\n<td style=\"text-align: center; width: 5.47617%;\">&nbsp;<\/td>\n<td style=\"text-align: center; width: 46.9047%;\">&nbsp;<\/td>\n<\/tr>\n<tr>\n<td style=\"width: 47.619%; text-align: right;\">\u0426\u0415\u041b\u041e \u0418\u0417\u0414\u0410\u040a\u0415<\/td>\n<td style=\"text-align: center; width: 5.47617%;\"><strong style=\"font-size: inherit;\"><em><a href=\"https:\/\/www.maticasrpska.org.rs\/stariSajt\/casopisi\/ZMSPN_148\/Priroda 148 SAJT.pdf\"><img loading=\"lazy\" class=\"alignnone\" src=\"http:\/\/www.maticasrpska.org.rs\/letopis\/page_white_acrobat.png\" alt=\"\" width=\"16\" height=\"16\"><\/a><\/em><\/strong><\/td>\n<td style=\"width: 46.9047%; text-align: left;\">FULL EDDITION<\/td>\n<\/tr>\n<\/tbody>\n<\/table>\n","protected":false},"excerpt":{"rendered":"<p>\u0421\u0410\u0414\u0420\u0416\u0410\u0408 &nbsp; CONTENTS &nbsp; &nbsp; &nbsp; \u0427\u041b\u0410\u041d\u0426\u0418 \u0418 \u0420\u0410\u0421\u041f\u0420\u0410\u0412\u0415 &nbsp; ARTICLES AND TREATISES \u0414\u0435\u0458\u0430\u043d \u0412. \u0421\u0442\u043e\u0458\u0430\u043d\u043e\u0432\u0438\u045b Amephana dalmatica (Rebel, 1919) (Lepidoptera: Noctuidae) \u041f\u0420\u041e\u041d\u0410\u0402\u0415\u041d\u0410 \u0423 \u041f\u0410\u0420\u00ad\u041a\u0423 \u041f\u0420\u0418\u0420\u041e\u0414\u0415 \u201e\u0413\u041e\u041b\u0418\u0408\u0410\u201d \u2212 \u041d\u041e\u0412\u0410 \u0412\u0420\u0421\u0422\u0410 \u0423 \u0424\u0410\u0423\u041d\u0418 \u0421\u0420\u0411\u0418\u0408\u0415 7\u201316https:\/\/doi.org\/10.2298\/ZMSPN2548007S Dejan V. Stojanovi\u0107Amephana dalmatica (Rebel, 1919) (Lepidoptera: Noctuidae) FOUND IN THE NATURE PARK \u201cGOLIJA\u201d \u2212 A NEW SPECIES IN THE FAUNA&hellip; <a href=\"https:\/\/www.maticasrpska.org.rs\/en\/zmspn_148\/\">Continue reading <span class=\"meta-nav\">&rarr;<\/span><\/a><\/p>\n","protected":false},"author":6,"featured_media":0,"parent":0,"menu_order":0,"comment_status":"closed","ping_status":"closed","template":"","meta":[],"yoast_head":"<!-- This site is optimized with the Yoast SEO plugin v16.2 - https:\/\/yoast.com\/wordpress\/plugins\/seo\/ -->\n<meta name=\"robots\" content=\"index, follow, max-snippet:-1, max-image-preview:large, max-video-preview:-1\" \/>\n<link rel=\"canonical\" href=\"https:\/\/www.maticasrpska.org.rs\/zmspn_148\/\" \/>\n<meta property=\"og:locale\" content=\"en_US\" \/>\n<meta property=\"og:type\" content=\"article\" \/>\n<meta property=\"og:title\" content=\"\u0417\u0431\u043e\u0440\u043d\u0438\u043a \u041c\u0430\u0442\u0438\u0446\u0435 \u0441\u0440\u043f\u0441\u043a\u0435 \u0437\u0430 \u043f\u0440\u0438\u0440\u043e\u0434\u043d\u0435 \u043d\u0430\u0443\u043a\u0435, \u0441\u0432\u0435\u0441\u043a\u0430 148, \u0433\u043e\u0434\u0438\u043d\u0430 2025. - \u041c\u0430\u0442\u0438\u0446\u0430 \u0441\u0440\u043f\u0441\u043a\u0430\" \/>\n<meta property=\"og:description\" content=\"\u0421\u0410\u0414\u0420\u0416\u0410\u0408 &nbsp; CONTENTS &nbsp; &nbsp; &nbsp; \u0427\u041b\u0410\u041d\u0426\u0418 \u0418 \u0420\u0410\u0421\u041f\u0420\u0410\u0412\u0415 &nbsp; ARTICLES AND TREATISES \u0414\u0435\u0458\u0430\u043d \u0412. \u0421\u0442\u043e\u0458\u0430\u043d\u043e\u0432\u0438\u045b Amephana dalmatica (Rebel, 1919) (Lepidoptera: Noctuidae) \u041f\u0420\u041e\u041d\u0410\u0402\u0415\u041d\u0410 \u0423 \u041f\u0410\u0420\u00ad\u041a\u0423 \u041f\u0420\u0418\u0420\u041e\u0414\u0415 \u201e\u0413\u041e\u041b\u0418\u0408\u0410\u201d \u2212 \u041d\u041e\u0412\u0410 \u0412\u0420\u0421\u0422\u0410 \u0423 \u0424\u0410\u0423\u041d\u0418 \u0421\u0420\u0411\u0418\u0408\u0415 7\u201316https:\/\/doi.org\/10.2298\/ZMSPN2548007S Dejan V. Stojanovi\u0107Amephana dalmatica (Rebel, 1919) (Lepidoptera: Noctuidae) FOUND IN THE NATURE PARK \u201cGOLIJA\u201d \u2212 A NEW SPECIES IN THE FAUNA&hellip; Continue reading &rarr;\" \/>\n<meta property=\"og:url\" content=\"https:\/\/www.maticasrpska.org.rs\/zmspn_148\/\" \/>\n<meta property=\"og:site_name\" content=\"\u041c\u0430\u0442\u0438\u0446\u0430 \u0441\u0440\u043f\u0441\u043a\u0430\" \/>\n<meta property=\"article:modified_time\" content=\"2025-05-09T10:00:51+00:00\" \/>\n<meta property=\"og:image\" content=\"http:\/\/www.maticasrpska.org.rs\/letopis\/page_white_acrobat.png\" \/>\n<meta name=\"twitter:label1\" content=\"Est. reading time\">\n\t<meta name=\"twitter:data1\" content=\"4 minutes\">\n<script type=\"application\/ld+json\" class=\"yoast-schema-graph\">{\"@context\":\"https:\/\/schema.org\",\"@graph\":[{\"@type\":\"WebSite\",\"@id\":\"https:\/\/www.maticasrpska.org.rs\/#website\",\"url\":\"https:\/\/www.maticasrpska.org.rs\/\",\"name\":\"\\u041c\\u0430\\u0442\\u0438\\u0446\\u0430 \\u0441\\u0440\\u043f\\u0441\\u043a\\u0430\",\"description\":\"\\u041d\\u0430\\u0458\\u0441\\u0442\\u0430\\u0440\\u0438\\u0458\\u0430 \\u0441\\u0440\\u043f\\u0441\\u043a\\u0430 \\u043a\\u045a\\u0438\\u0436\\u0435\\u0432\\u043d\\u0430, \\u043a\\u0443\\u043b\\u0442\\u0443\\u0440\\u043d\\u0430 \\u0438 \\u043d\\u0430\\u0443\\u0447\\u043d\\u0430 \\u0438\\u043d\\u0441\\u0442\\u0438\\u0442\\u0443\\u0446\\u0438\\u0458\\u0430\",\"potentialAction\":[{\"@type\":\"SearchAction\",\"target\":\"https:\/\/www.maticasrpska.org.rs\/?s={search_term_string}\",\"query-input\":\"required name=search_term_string\"}],\"inLanguage\":\"en-US\"},{\"@type\":\"ImageObject\",\"@id\":\"https:\/\/www.maticasrpska.org.rs\/zmspn_148\/#primaryimage\",\"inLanguage\":\"en-US\",\"url\":\"http:\/\/www.maticasrpska.org.rs\/letopis\/page_white_acrobat.png\",\"contentUrl\":\"http:\/\/www.maticasrpska.org.rs\/letopis\/page_white_acrobat.png\"},{\"@type\":\"WebPage\",\"@id\":\"https:\/\/www.maticasrpska.org.rs\/zmspn_148\/#webpage\",\"url\":\"https:\/\/www.maticasrpska.org.rs\/zmspn_148\/\",\"name\":\"\\u0417\\u0431\\u043e\\u0440\\u043d\\u0438\\u043a \\u041c\\u0430\\u0442\\u0438\\u0446\\u0435 \\u0441\\u0440\\u043f\\u0441\\u043a\\u0435 \\u0437\\u0430 \\u043f\\u0440\\u0438\\u0440\\u043e\\u0434\\u043d\\u0435 \\u043d\\u0430\\u0443\\u043a\\u0435, \\u0441\\u0432\\u0435\\u0441\\u043a\\u0430 148, \\u0433\\u043e\\u0434\\u0438\\u043d\\u0430 2025. - \\u041c\\u0430\\u0442\\u0438\\u0446\\u0430 \\u0441\\u0440\\u043f\\u0441\\u043a\\u0430\",\"isPartOf\":{\"@id\":\"https:\/\/www.maticasrpska.org.rs\/#website\"},\"primaryImageOfPage\":{\"@id\":\"https:\/\/www.maticasrpska.org.rs\/zmspn_148\/#primaryimage\"},\"datePublished\":\"2025-05-09T07:44:06+00:00\",\"dateModified\":\"2025-05-09T10:00:51+00:00\",\"breadcrumb\":{\"@id\":\"https:\/\/www.maticasrpska.org.rs\/zmspn_148\/#breadcrumb\"},\"inLanguage\":\"en-US\",\"potentialAction\":[{\"@type\":\"ReadAction\",\"target\":[\"https:\/\/www.maticasrpska.org.rs\/zmspn_148\/\"]}]},{\"@type\":\"BreadcrumbList\",\"@id\":\"https:\/\/www.maticasrpska.org.rs\/zmspn_148\/#breadcrumb\",\"itemListElement\":[{\"@type\":\"ListItem\",\"position\":1,\"item\":{\"@type\":\"WebPage\",\"@id\":\"https:\/\/www.maticasrpska.org.rs\/\",\"url\":\"https:\/\/www.maticasrpska.org.rs\/\",\"name\":\"Home\"}},{\"@type\":\"ListItem\",\"position\":2,\"item\":{\"@id\":\"https:\/\/www.maticasrpska.org.rs\/zmspn_148\/#webpage\"}}]}]}<\/script>\n<!-- \/ Yoast SEO plugin. -->","_links":{"self":[{"href":"https:\/\/www.maticasrpska.org.rs\/en\/wp-json\/wp\/v2\/pages\/37419"}],"collection":[{"href":"https:\/\/www.maticasrpska.org.rs\/en\/wp-json\/wp\/v2\/pages"}],"about":[{"href":"https:\/\/www.maticasrpska.org.rs\/en\/wp-json\/wp\/v2\/types\/page"}],"author":[{"embeddable":true,"href":"https:\/\/www.maticasrpska.org.rs\/en\/wp-json\/wp\/v2\/users\/6"}],"replies":[{"embeddable":true,"href":"https:\/\/www.maticasrpska.org.rs\/en\/wp-json\/wp\/v2\/comments?post=37419"}],"version-history":[{"count":30,"href":"https:\/\/www.maticasrpska.org.rs\/en\/wp-json\/wp\/v2\/pages\/37419\/revisions"}],"predecessor-version":[{"id":39450,"href":"https:\/\/www.maticasrpska.org.rs\/en\/wp-json\/wp\/v2\/pages\/37419\/revisions\/39450"}],"wp:attachment":[{"href":"https:\/\/www.maticasrpska.org.rs\/en\/wp-json\/wp\/v2\/media?parent=37419"}],"curies":[{"name":"wp","href":"https:\/\/api.w.org\/{rel}","templated":true}]}}