{"id":39430,"date":"2026-02-09T12:35:41","date_gmt":"2026-02-09T11:35:41","guid":{"rendered":"https:\/\/www.maticasrpska.org.rs\/?page_id=39430"},"modified":"2026-02-09T13:10:02","modified_gmt":"2026-02-09T12:10:02","slug":"zmspn_149","status":"publish","type":"page","link":"https:\/\/www.maticasrpska.org.rs\/en\/zmspn_149\/","title":{"rendered":"\u0417\u0431\u043e\u0440\u043d\u0438\u043a \u041c\u0430\u0442\u0438\u0446\u0435 \u0441\u0440\u043f\u0441\u043a\u0435 \u0437\u0430 \u043f\u0440\u0438\u0440\u043e\u0434\u043d\u0435 \u043d\u0430\u0443\u043a\u0435, \u0441\u0432\u0435\u0441\u043a\u0430 149, \u0433\u043e\u0434\u0438\u043d\u0430 2025."},"content":{"rendered":"\n<table style=\"border-collapse: collapse; width: 100%; height: 910px;\">\n<tbody>\n<tr style=\"height: 23px;\">\n<td style=\"width: 47.619%; text-align: right; height: 23px;\">\u0421\u0410\u0414\u0420\u0416\u0410\u0408<\/td>\n<td style=\"width: 5.47617%; height: 23px; text-align: center;\">\u00a0<\/td>\n<td style=\"width: 46.9047%; text-align: left; height: 23px;\">CONTENTS<\/td>\n<\/tr>\n<tr style=\"height: 23px;\">\n<td style=\"width: 47.619%; text-align: right; height: 23px;\">\u00a0<\/td>\n<td style=\"width: 5.47617%; height: 23px; text-align: center;\">\u00a0<\/td>\n<td style=\"width: 46.9047%; text-align: left; height: 23px;\">\u00a0<\/td>\n<\/tr>\n<tr style=\"height: 23px;\">\n<td style=\"width: 47.619%; text-align: right; height: 23px;\">\u0427\u041b\u0410\u041d\u0426\u0418 \u0418 \u0420\u0410\u0421\u041f\u0420\u0410\u0412\u0415<\/td>\n<td style=\"width: 5.47617%; height: 23px; text-align: center;\">\u00a0<\/td>\n<td style=\"width: 46.9047%; text-align: left; height: 23px;\">ARTICLES AND TREATISES<\/td>\n<\/tr>\n<tr style=\"height: 87px;\">\n<td style=\"width: 47.619%; text-align: right; height: 73px;\">\n<p><em>\u0411\u043e\u0440\u0438\u0441 \u0402. \u0420\u0430\u0434\u0430\u043a, \u0408\u043e\u0432\u0430\u043d \u041c. \u041f\u0435\u0448\u043a\u0430\u043d\u043e\u0432, \u0410\u043b\u0435\u043a\u0441\u0430 \u0417. \u0412\u043b\u043a\u0443, \u0413\u043e\u0440\u0430\u043d \u0422. \u0410\u043d\u0430\u0447\u043a\u043e\u0432<\/em><\/p>\n<p>\u041f\u0420\u0412\u0418 \u041d\u0410\u041b\u0410\u0417\u0418 \u0422\u0420\u0418 \u0422\u0410\u041a\u0421\u041e\u041d\u0410 \u0420\u041e\u0414\u0410 Epipactis (Orchidaceae) \u0417\u0410 \u0412\u041e\u0408\u0412\u041e\u0414\u0418\u041d\u0423<br \/>7\u201325<br \/>https:\/\/doi.org\/10.2298\/ZMSPN2549007R<\/p>\n<\/td>\n<td style=\"width: 5.47617%; height: 73px; text-align: center;\"><strong style=\"font-size: inherit;\"><em><a href=\"https:\/\/www.maticasrpska.org.rs\/stariSajt\/casopisi\/ZMSPN_149\/1 Radak Peskanov Vlku Anackov.pdf\"><img loading=\"lazy\" class=\"alignnone\" src=\"http:\/\/www.maticasrpska.org.rs\/letopis\/page_white_acrobat.png\" alt=\"\" width=\"16\" height=\"16\" \/><\/a><\/em><\/strong><\/td>\n<td style=\"width: 46.9047%; text-align: left; height: 73px;\">\n<p><em>Boris \u0110. Radak, Jovan M. Pe\u0161kanov, Aleksa Z. Vlku, Goran T. Ana\u010dkov<\/em><\/p>\n<p>FIRST RECORDS OF THREE Epipactis TAXA (Orchidaceae) IN THE VOJVODINA PROVINCE<br \/>7\u201325<br \/>https:\/\/doi.org\/10.2298\/ZMSPN2549007R<\/p>\n<\/td>\n<\/tr>\n<tr style=\"height: 87px;\">\n<td style=\"width: 47.619%; text-align: right; height: 10px;\">\n<p><em>\u041c\u0438\u0440\u0458\u0430\u043d\u0430 \u0420. \u040b\u0443\u043a, \u0420\u0430\u043d\u043a\u043e \u0414. \u041f\u0435\u0440\u0438\u045b, \u0410\u043d\u0434\u0440\u0430\u0436 \u041b. \u0427\u0430\u0440\u043d\u0438, \u041c\u0438\u043b\u043e\u0448 \u041c. \u0418\u043b\u0438\u045b, \u0422\u0438\u0458\u0430\u043d\u0430 \u0421. \u0428\u0438\u043a\u0443\u0459\u0430\u043a, \u0410\u043d\u043a\u0438\u0446\u0430 \u041c. \u041c\u0438\u043b\u043e\u0432\u0430\u043d\u043e\u0432\u0438\u045b, \u0414\u0443\u0448\u0430\u043d \u0414. \u0418\u0433\u0438\u045b, \u0414\u0440\u0430\u0433\u0430\u043d\u0430 \u041c. \u0412\u0443\u043a\u043e\u0432<\/em><\/p>\n<p>\u0418\u0421\u0422\u041e\u0420\u0418\u0408\u0410\u0422 \u0424\u041b\u041e\u0420\u0418\u0421\u0422\u0418\u0427\u041a\u0418\u0425 \u0418 \u0412\u0415\u0413\u0415\u0422\u0410\u0426\u0418\u0408\u0421\u041a\u0418\u0425 \u0418\u0421\u0422\u0420\u0410\u0416\u0418\u0412\u0410\u040a\u0410 \u0414\u0415\u041b\u0418\u0411\u041b\u0410\u0422\u0421\u041a\u0415 \u041f\u0415\u0428\u0427\u0410\u0420\u0415<\/p>\n<p><br \/>27\u201389<br \/>https:\/\/doi.org\/10.2298\/ZMSPN2549027C<\/p>\n<\/td>\n<td style=\"width: 5.47617%; height: 10px; text-align: center;\"><strong style=\"font-size: inherit;\"><em><a href=\"https:\/\/www.maticasrpska.org.rs\/stariSajt\/casopisi\/ZMSPN_149\/2 Cuk Peric Carni Ilic Sikuljic Milovanovic Igic Vukov.pdf\"><img loading=\"lazy\" class=\"alignnone\" src=\"http:\/\/www.maticasrpska.org.rs\/letopis\/page_white_acrobat.png\" alt=\"\" width=\"16\" height=\"16\" \/><\/a><\/em><\/strong><\/td>\n<td style=\"width: 46.9047%; text-align: left; height: 10px;\">\n<p><em>Mirjana R. \u0106uk, Ranko D. Peri\u0107, Andra\u017e L. \u010carni, Milo\u0161 M. Ili\u0107, Tijana S. \u0160ikuljak, Ankica M. Milovanovi\u0107, Du\u0161an D. Igi\u0107, Dragana M. Vukov<\/em><\/p>\n<p>FLORA AND VEGETATION OF DELIBLATO SANDS (SERBIA): A REVIEW OF FLORISTIC AND VEGETATION RESEARCH THROUGH THE CENTURIES<\/p>\n<p>27\u201389<br \/>https:\/\/doi.org\/10.2298\/ZMSPN2549027C<\/p>\n<\/td>\n<\/tr>\n<tr style=\"height: 87px;\">\n<td style=\"width: 47.619%; text-align: right; height: 42px;\">\n<p><em>\u0414\u0440\u0430\u0433\u0438\u0446\u0430 \u041c. \u0411\u043b\u0430\u0433\u043e\u0458\u0435\u0432\u0438\u045b, \u0411\u043e\u0458\u0430\u043d\u0430 \u0421. \u0411\u043e\u043a\u0438\u045b, \u0422\u0430\u043c\u0430\u0440\u0430 \u0416. \u0408\u0443\u0440\u0446\u0430,<\/em> <em>\u0414\u0440\u0430\u0433\u0430\u043d\u0430 \u041c. \u0412\u0443\u043a\u043e\u0432, \u0414\u0443\u0431\u0440\u0430\u0432\u043a\u0430 \u041c. \u041c\u0438\u043b\u0438\u045b <\/em><\/p>\n<p>\u0423\u0422\u0418\u0426\u0410\u0408 \u0422\u0423\u0420\u0418\u0417\u041c\u0410 \u041d\u0410 \u0411\u0418\u0409\u041d\u0415 \u0412\u0420\u0421\u0422\u0415 \u041f\u0420\u0418\u041e\u0411\u0410\u041b\u041d\u0418\u0425 \u041f\u041e\u0414\u0420\u0423\u0427\u0408\u0410 \u0408\u0415\u0417\u0415\u0420\u0410 \u041f\u0420\u041e\u0412\u0410\u041b\u0410 \u0418 \u0411\u0415\u0413\u0415\u0427\u041a\u0410 \u0408\u0410\u041c\u0410<\/p>\n<p>91\u2013101<br \/>https:\/\/doi.org\/10.2298\/ZMSPN2549091B<\/p>\n<\/td>\n<td style=\"width: 5.47617%; height: 42px; text-align: center;\"><strong style=\"font-size: inherit;\"><em><a href=\"https:\/\/www.maticasrpska.org.rs\/stariSajt\/casopisi\/ZMSPN_149\/3 Blagojevic Bokic Jurca Vukov Milic.pdf\"><img loading=\"lazy\" class=\"alignnone\" src=\"http:\/\/www.maticasrpska.org.rs\/letopis\/page_white_acrobat.png\" alt=\"\" width=\"16\" height=\"16\" \/><\/a><\/em><\/strong><\/td>\n<td style=\"width: 46.9047%; text-align: left; height: 42px;\">\n<p><em>Dragica M. Blagojevi\u0107, Bojana S. Boki\u0107, Tamara \u017d. Jurca, Dragana M. Vukov, Dubravka M. Mili\u0107<\/em><\/p>\n<p>EFFECTS OF TOURISM ON LITTORAL PLANTS OF LAKE PROVALA AND BEGE\u010cKA JAMA<\/p>\n<p>91\u2013101<br \/>https:\/\/doi.org\/10.2298\/ZMSPN2549091B<\/p>\n<\/td>\n<\/tr>\n<tr style=\"height: 87px;\">\n<td style=\"width: 47.619%; text-align: right; height: 23px;\">\n<p><em>\u0420\u0443\u0434\u043e\u043b\u0444 \u0420. \u041a\u0430\u0441\u0442\u043e\u0440\u0438, \u0418\u0432\u0430\u043d\u0430 \u0412. \u041c\u0430\u043a\u0441\u0438\u043c\u043e\u0432\u0438\u045b, \u041c\u0430\u0440\u0438\u043d\u0430 \u0418. \u041f\u0443\u0442\u043d\u0438\u043a-\u0414\u0435\u043b\u0438\u045b<\/em><\/p>\n<p>\u0423\u0442\u0438\u0446\u0430\u0458 \u043a\u0430\u0434\u043c\u0438\u0458\u0443\u043c\u0430 \u043d\u0430 \u0432\u0438\u0448\u0435 \u0431\u0438\u0459\u043a\u0435<\/p>\n<p>103\u2013115<br \/>https:\/\/doi.org\/10.2298\/ZMSPN2549103K<\/p>\n<\/td>\n<td style=\"width: 5.47617%; height: 23px; text-align: center;\"><strong style=\"font-size: inherit;\"><em><a href=\"https:\/\/www.maticasrpska.org.rs\/stariSajt\/casopisi\/ZMSPN_149\/4 Kastori Maksimovic Putnik-Delic.pdf\"><img loading=\"lazy\" class=\"alignnone\" src=\"http:\/\/www.maticasrpska.org.rs\/letopis\/page_white_acrobat.png\" alt=\"\" width=\"16\" height=\"16\" \/><\/a><\/em><\/strong><\/td>\n<td style=\"width: 46.9047%; text-align: left; height: 23px;\">\n<p><em>Rudolf R. Kastori, Ivana V. Maksimovi\u0107, Marina I. Putnik-Deli\u0107<\/em><\/p>\n<p>Cadmium effects on higher plants<\/p>\n<p>103\u2013115<br \/>https:\/\/doi.org\/10.2298\/ZMSPN2549103K<\/p>\n<\/td>\n<\/tr>\n<tr style=\"height: 87px;\">\n<td style=\"width: 47.619%; text-align: right; height: 10px;\">\n<p><em>\u041b\u0438\u0432\u0438\u0458\u0430 \u0408. \u0426\u0432\u0435\u0442\u0438\u045b\u0430\u043d\u0438\u043d<\/em><\/p>\n<p>\u041f\u0420\u0415\u0413\u041b\u0415\u0414 \u041f\u0420\u0418\u0420\u041e\u0414\u041e\u041c \u0418\u041d\u0421\u041f\u0418\u0420\u0418\u0421\u0410\u041d\u0418\u0425 \u041c\u041e\u0414\u0415\u041b\u0410 \u041e\u0421\u0426\u0418\u041b\u0410\u0422\u041e\u0420\u0410 \u0421\u0410 \u041f\u0420\u041e\u041c\u0415\u041d\u0409\u0418\u0412\u041e\u041c \u041c\u0410\u0421\u041e\u041c \u041f\u0420\u0418\u041c\u0415\u040a\u0415\u041d\u0418\u0425 \u0423 \u041a\u0412\u0410\u041d\u0422\u041d\u0418\u041c \u0421\u0418\u0421\u0422\u0415\u041c\u0418\u041c\u0410<\/p>\n<p>117\u2013133<br \/>https:\/\/doi.org\/10.2298\/ZMSPN2548057U<\/p>\n<\/td>\n<td style=\"width: 5.47617%; height: 23px; text-align: center;\"><strong style=\"font-size: inherit;\"><em><a href=\"https:\/\/www.maticasrpska.org.rs\/stariSajt\/casopisi\/ZMSPN_149\/5 Cveticanin.pdf\"><img loading=\"lazy\" class=\"alignnone\" src=\"http:\/\/www.maticasrpska.org.rs\/letopis\/page_white_acrobat.png\" alt=\"\" width=\"16\" height=\"16\" \/><\/a><\/em><\/strong><\/td>\n<td style=\"width: 46.9047%; text-align: left; height: 23px;\">\n<p><em>Livija J. Cveti\u0107anin<\/em><\/p>\n<p>REVIEW OF NATURE-INSPIRED POSITION-DEPENDENT MASS OSCILLATOR MODELS APPLIED IN QUANTUM SYSTEMS<\/p>\n<p>117\u2013133<br \/>https:\/\/doi.org\/10.2298\/ZMSPN2548057U<\/p>\n<\/td>\n<\/tr>\n<tr style=\"height: 23px;\">\n<td style=\"width: 47.619%; text-align: right; height: 23px;\">&nbsp;<\/td>\n<td style=\"width: 5.47617%; height: 23px; text-align: center;\">&nbsp;<\/td>\n<td style=\"width: 46.9047%; text-align: left; height: 23px;\">&nbsp;<\/td>\n<\/tr>\n<\/tr>\n<tr style=\"height: 23px;\">\n<td style=\"width: 47.619%; text-align: right; height: 23px;\">\u041f\u041e\u041b\u0418\u0422\u0418\u041a\u0410 \u0423\u0420\u0415\u0414\u041d\u0418\u0428\u0422\u0412\u0410<\/td>\n<td style=\"width: 5.47617%; height: 23px; text-align: center;\"><strong style=\"font-size: inherit;\"><em><a href=\"http:\/\/www.maticasrpska.org.rs\/wordpress\/assets\/EDITORIAL-POLICY.pdf\"><img loading=\"lazy\" class=\"alignnone\" src=\"http:\/\/www.maticasrpska.org.rs\/letopis\/page_white_acrobat.png\" alt=\"\" width=\"16\" height=\"16\" \/><\/a><\/em><\/strong><\/td>\n<td style=\"width: 46.9047%; text-align: left; height: 23px;\">EDITORIAL POLICY<\/td>\n<\/tr>\n<tr style=\"height: 23px;\">\n<td style=\"width: 99.9999%; text-align: center; height: 23px;\" colspan=\"3\">135\u2013141<\/td>\n<\/tr>\n<tr style=\"height: 23px;\">\n<td style=\"width: 47.619%; text-align: right; height: 23px;\">\u00a0<\/td>\n<td style=\"width: 5.47617%; height: 23px;\">\u00a0<\/td>\n<td style=\"width: 46.9047%; text-align: left; height: 23px;\">\u00a0<\/td>\n<\/tr>\n<tr style=\"height: 23px;\">\n<td style=\"width: 47.619%; text-align: right; height: 23px;\">\u0423\u041f\u0423\u0422\u0421\u0422\u0412\u041e \u0417\u0410 \u0410\u0423\u0422\u041e\u0420\u0415<\/td>\n<td style=\"width: 5.47617%; height: 23px; text-align: center;\"><strong style=\"font-size: inherit;\"><em><a href=\"http:\/\/www.maticasrpska.org.rs\/wordpress\/assets\/INSTRUCTION-TO-ATHORS.pdf\"><img loading=\"lazy\" class=\"alignnone\" src=\"http:\/\/www.maticasrpska.org.rs\/letopis\/page_white_acrobat.png\" alt=\"\" width=\"16\" height=\"16\" \/><\/a><\/em><\/strong><\/td>\n<td style=\"width: 46.9047%; text-align: left; height: 23px;\">INSTRUCTIONS FOR AUTHORS<\/td>\n<\/tr>\n<tr style=\"height: 23px;\">\n<td style=\"text-align: center; height: 23px; width: 99.9999%;\" colspan=\"3\">142\u2013144<\/td>\n<\/tr>\n<tr>\n<td style=\"text-align: center; width: 47.619%;\">\u00a0<\/td>\n<td style=\"text-align: center; width: 5.47617%;\">\u00a0<\/td>\n<td style=\"text-align: center; width: 46.9047%;\">\u00a0<\/td>\n<\/tr>\n<tr>\n<td style=\"width: 47.619%; text-align: right;\">\u0426\u0415\u041b\u041e \u0418\u0417\u0414\u0410\u040a\u0415<\/td>\n<td style=\"text-align: center; width: 5.47617%;\"><strong style=\"font-size: inherit;\"><em><a href=\"https:\/\/www.maticasrpska.org.rs\/stariSajt\/casopisi\/ZMSPN_149\/Priroda 149 SAJT.pdf\"><img loading=\"lazy\" class=\"alignnone\" src=\"http:\/\/www.maticasrpska.org.rs\/letopis\/page_white_acrobat.png\" alt=\"\" width=\"16\" height=\"16\" \/><\/a><\/em><\/strong><\/td>\n<td style=\"width: 46.9047%; text-align: left;\">FULL EDDITION<\/td>\n<\/tr>\n<\/tbody>\n<\/table>\n","protected":false},"excerpt":{"rendered":"<p>\u0421\u0410\u0414\u0420\u0416\u0410\u0408 \u00a0 CONTENTS \u00a0 \u00a0 \u00a0 \u0427\u041b\u0410\u041d\u0426\u0418 \u0418 \u0420\u0410\u0421\u041f\u0420\u0410\u0412\u0415 \u00a0 ARTICLES AND TREATISES \u0411\u043e\u0440\u0438\u0441 \u0402. \u0420\u0430\u0434\u0430\u043a, \u0408\u043e\u0432\u0430\u043d \u041c. \u041f\u0435\u0448\u043a\u0430\u043d\u043e\u0432, \u0410\u043b\u0435\u043a\u0441\u0430 \u0417. \u0412\u043b\u043a\u0443, \u0413\u043e\u0440\u0430\u043d \u0422. \u0410\u043d\u0430\u0447\u043a\u043e\u0432 \u041f\u0420\u0412\u0418 \u041d\u0410\u041b\u0410\u0417\u0418 \u0422\u0420\u0418 \u0422\u0410\u041a\u0421\u041e\u041d\u0410 \u0420\u041e\u0414\u0410 Epipactis (Orchidaceae) \u0417\u0410 \u0412\u041e\u0408\u0412\u041e\u0414\u0418\u041d\u04237\u201325https:\/\/doi.org\/10.2298\/ZMSPN2549007R Boris \u0110. Radak, Jovan M. Pe\u0161kanov, Aleksa Z. Vlku, Goran T. Ana\u010dkov FIRST RECORDS OF THREE Epipactis TAXA (Orchidaceae) IN THE&hellip; <a href=\"https:\/\/www.maticasrpska.org.rs\/en\/zmspn_149\/\">Continue reading <span class=\"meta-nav\">&rarr;<\/span><\/a><\/p>\n","protected":false},"author":6,"featured_media":0,"parent":0,"menu_order":0,"comment_status":"closed","ping_status":"closed","template":"","meta":[],"yoast_head":"<!-- This site is optimized with the Yoast SEO plugin v16.2 - https:\/\/yoast.com\/wordpress\/plugins\/seo\/ -->\n<meta name=\"robots\" content=\"index, follow, max-snippet:-1, max-image-preview:large, max-video-preview:-1\" \/>\n<link rel=\"canonical\" href=\"https:\/\/www.maticasrpska.org.rs\/zmspn_149\/\" \/>\n<meta property=\"og:locale\" content=\"en_US\" \/>\n<meta property=\"og:type\" content=\"article\" \/>\n<meta property=\"og:title\" content=\"\u0417\u0431\u043e\u0440\u043d\u0438\u043a \u041c\u0430\u0442\u0438\u0446\u0435 \u0441\u0440\u043f\u0441\u043a\u0435 \u0437\u0430 \u043f\u0440\u0438\u0440\u043e\u0434\u043d\u0435 \u043d\u0430\u0443\u043a\u0435, \u0441\u0432\u0435\u0441\u043a\u0430 149, \u0433\u043e\u0434\u0438\u043d\u0430 2025. - \u041c\u0430\u0442\u0438\u0446\u0430 \u0441\u0440\u043f\u0441\u043a\u0430\" \/>\n<meta property=\"og:description\" content=\"\u0421\u0410\u0414\u0420\u0416\u0410\u0408 \u00a0 CONTENTS \u00a0 \u00a0 \u00a0 \u0427\u041b\u0410\u041d\u0426\u0418 \u0418 \u0420\u0410\u0421\u041f\u0420\u0410\u0412\u0415 \u00a0 ARTICLES AND TREATISES \u0411\u043e\u0440\u0438\u0441 \u0402. \u0420\u0430\u0434\u0430\u043a, \u0408\u043e\u0432\u0430\u043d \u041c. \u041f\u0435\u0448\u043a\u0430\u043d\u043e\u0432, \u0410\u043b\u0435\u043a\u0441\u0430 \u0417. \u0412\u043b\u043a\u0443, \u0413\u043e\u0440\u0430\u043d \u0422. \u0410\u043d\u0430\u0447\u043a\u043e\u0432 \u041f\u0420\u0412\u0418 \u041d\u0410\u041b\u0410\u0417\u0418 \u0422\u0420\u0418 \u0422\u0410\u041a\u0421\u041e\u041d\u0410 \u0420\u041e\u0414\u0410 Epipactis (Orchidaceae) \u0417\u0410 \u0412\u041e\u0408\u0412\u041e\u0414\u0418\u041d\u04237\u201325https:\/\/doi.org\/10.2298\/ZMSPN2549007R Boris \u0110. Radak, Jovan M. Pe\u0161kanov, Aleksa Z. Vlku, Goran T. Ana\u010dkov FIRST RECORDS OF THREE Epipactis TAXA (Orchidaceae) IN THE&hellip; Continue reading &rarr;\" \/>\n<meta property=\"og:url\" content=\"https:\/\/www.maticasrpska.org.rs\/zmspn_149\/\" \/>\n<meta property=\"og:site_name\" content=\"\u041c\u0430\u0442\u0438\u0446\u0430 \u0441\u0440\u043f\u0441\u043a\u0430\" \/>\n<meta property=\"article:modified_time\" content=\"2026-02-09T12:10:02+00:00\" \/>\n<meta property=\"og:image\" content=\"http:\/\/www.maticasrpska.org.rs\/letopis\/page_white_acrobat.png\" \/>\n<meta name=\"twitter:label1\" content=\"Est. reading time\">\n\t<meta name=\"twitter:data1\" content=\"3 minutes\">\n<script type=\"application\/ld+json\" class=\"yoast-schema-graph\">{\"@context\":\"https:\/\/schema.org\",\"@graph\":[{\"@type\":\"WebSite\",\"@id\":\"https:\/\/www.maticasrpska.org.rs\/#website\",\"url\":\"https:\/\/www.maticasrpska.org.rs\/\",\"name\":\"\\u041c\\u0430\\u0442\\u0438\\u0446\\u0430 \\u0441\\u0440\\u043f\\u0441\\u043a\\u0430\",\"description\":\"\\u041d\\u0430\\u0458\\u0441\\u0442\\u0430\\u0440\\u0438\\u0458\\u0430 \\u0441\\u0440\\u043f\\u0441\\u043a\\u0430 \\u043a\\u045a\\u0438\\u0436\\u0435\\u0432\\u043d\\u0430, \\u043a\\u0443\\u043b\\u0442\\u0443\\u0440\\u043d\\u0430 \\u0438 \\u043d\\u0430\\u0443\\u0447\\u043d\\u0430 \\u0438\\u043d\\u0441\\u0442\\u0438\\u0442\\u0443\\u0446\\u0438\\u0458\\u0430\",\"potentialAction\":[{\"@type\":\"SearchAction\",\"target\":\"https:\/\/www.maticasrpska.org.rs\/?s={search_term_string}\",\"query-input\":\"required name=search_term_string\"}],\"inLanguage\":\"en-US\"},{\"@type\":\"ImageObject\",\"@id\":\"https:\/\/www.maticasrpska.org.rs\/zmspn_149\/#primaryimage\",\"inLanguage\":\"en-US\",\"url\":\"http:\/\/www.maticasrpska.org.rs\/letopis\/page_white_acrobat.png\",\"contentUrl\":\"http:\/\/www.maticasrpska.org.rs\/letopis\/page_white_acrobat.png\"},{\"@type\":\"WebPage\",\"@id\":\"https:\/\/www.maticasrpska.org.rs\/zmspn_149\/#webpage\",\"url\":\"https:\/\/www.maticasrpska.org.rs\/zmspn_149\/\",\"name\":\"\\u0417\\u0431\\u043e\\u0440\\u043d\\u0438\\u043a \\u041c\\u0430\\u0442\\u0438\\u0446\\u0435 \\u0441\\u0440\\u043f\\u0441\\u043a\\u0435 \\u0437\\u0430 \\u043f\\u0440\\u0438\\u0440\\u043e\\u0434\\u043d\\u0435 \\u043d\\u0430\\u0443\\u043a\\u0435, \\u0441\\u0432\\u0435\\u0441\\u043a\\u0430 149, \\u0433\\u043e\\u0434\\u0438\\u043d\\u0430 2025. - \\u041c\\u0430\\u0442\\u0438\\u0446\\u0430 \\u0441\\u0440\\u043f\\u0441\\u043a\\u0430\",\"isPartOf\":{\"@id\":\"https:\/\/www.maticasrpska.org.rs\/#website\"},\"primaryImageOfPage\":{\"@id\":\"https:\/\/www.maticasrpska.org.rs\/zmspn_149\/#primaryimage\"},\"datePublished\":\"2026-02-09T11:35:41+00:00\",\"dateModified\":\"2026-02-09T12:10:02+00:00\",\"breadcrumb\":{\"@id\":\"https:\/\/www.maticasrpska.org.rs\/zmspn_149\/#breadcrumb\"},\"inLanguage\":\"en-US\",\"potentialAction\":[{\"@type\":\"ReadAction\",\"target\":[\"https:\/\/www.maticasrpska.org.rs\/zmspn_149\/\"]}]},{\"@type\":\"BreadcrumbList\",\"@id\":\"https:\/\/www.maticasrpska.org.rs\/zmspn_149\/#breadcrumb\",\"itemListElement\":[{\"@type\":\"ListItem\",\"position\":1,\"item\":{\"@type\":\"WebPage\",\"@id\":\"https:\/\/www.maticasrpska.org.rs\/\",\"url\":\"https:\/\/www.maticasrpska.org.rs\/\",\"name\":\"Home\"}},{\"@type\":\"ListItem\",\"position\":2,\"item\":{\"@id\":\"https:\/\/www.maticasrpska.org.rs\/zmspn_149\/#webpage\"}}]}]}<\/script>\n<!-- \/ Yoast SEO plugin. -->","_links":{"self":[{"href":"https:\/\/www.maticasrpska.org.rs\/en\/wp-json\/wp\/v2\/pages\/39430"}],"collection":[{"href":"https:\/\/www.maticasrpska.org.rs\/en\/wp-json\/wp\/v2\/pages"}],"about":[{"href":"https:\/\/www.maticasrpska.org.rs\/en\/wp-json\/wp\/v2\/types\/page"}],"author":[{"embeddable":true,"href":"https:\/\/www.maticasrpska.org.rs\/en\/wp-json\/wp\/v2\/users\/6"}],"replies":[{"embeddable":true,"href":"https:\/\/www.maticasrpska.org.rs\/en\/wp-json\/wp\/v2\/comments?post=39430"}],"version-history":[{"count":12,"href":"https:\/\/www.maticasrpska.org.rs\/en\/wp-json\/wp\/v2\/pages\/39430\/revisions"}],"predecessor-version":[{"id":39449,"href":"https:\/\/www.maticasrpska.org.rs\/en\/wp-json\/wp\/v2\/pages\/39430\/revisions\/39449"}],"wp:attachment":[{"href":"https:\/\/www.maticasrpska.org.rs\/en\/wp-json\/wp\/v2\/media?parent=39430"}],"curies":[{"name":"wp","href":"https:\/\/api.w.org\/{rel}","templated":true}]}}