{"id":40,"date":"2013-04-19T12:10:21","date_gmt":"2013-04-19T12:10:21","guid":{"rendered":"http:\/\/ms.sandbox.in.rs\/?page_id=40"},"modified":"2026-04-17T09:09:05","modified_gmt":"2026-04-17T08:09:05","slug":"letopis-matice-srpske","status":"publish","type":"page","link":"https:\/\/www.maticasrpska.org.rs\/en\/letopis-matice-srpske\/","title":{"rendered":"Letopis Matice Srpske (Chronicle)"},"content":{"rendered":"<p>Letopis Matice srpske is available only in Serbian.<\/p>\n<table style=\"width: 693px; height: 52px;\">\n<tbody>\n<tr>\n<td style=\"width: 339px;\"><a href=\"http:\/\/www.maticasrpska.org.rs\/english-subscribe\/\" target=\"_blank\" rel=\"noopener noreferrer\"><img loading=\"lazy\" class=\"size-full wp-image-24998 aligncenter\" src=\"http:\/\/www.maticasrpska.org.rs\/wordpress\/assets\/SUBSCRIBE.jpg\" alt=\"\" width=\"300\" height=\"57\"><\/a><\/td>\n<td style=\"width: 342px;\"><a href=\"http:\/\/www.maticasrpska.org.rs\/sr\/letopis-matice-srpske\/a%D1%80%D1%85%D0%B8%D0%B2%D0%B0-%D1%81%D1%82%D0%B0%D1%80%D0%B8%D1%98%D0%B8%D1%85-%D0%B1%D1%80%D0%BE%D1%98%D0%B5%D0%B2%D0%B0\/\" target=\"_blank\" rel=\"noopener noreferrer\"><img loading=\"lazy\" class=\"alignnone size-full wp-image-25040 aligncenter\" src=\"http:\/\/www.maticasrpska.org.rs\/wordpress\/assets\/archive1.jpg\" alt=\"\" width=\"300\" height=\"57\"><\/a><\/td>\n<\/tr>\n<\/tbody>\n<\/table>\n<hr>\n<h4 style=\"text-align: justify;\"><span class=\"txt-ind\">The History of the Letopis Matice srpske <\/span><\/h4>\n<p class=\"txt-ind\" style=\"text-align: justify;\">Letopis Matice srpske is a literary periodical with the longest press run in the whole world. It has been published, without major interruptions, since the year 1824. The fact that such a tradition was created by the very Serbian culture that was exposed to interruptions of its cultural development seems both unusual and amazing. Founded in Novi Sad, printed in Buda and entitled Serbska letopis (Serbian Chronicle), in accordance with the intention of its founder, Georgije Magara\u0161evi\u0107, it became the center piece for presenting the results of literary and scientific achievements. In addition, Letopis Matice srpske systematically explored discoveries that focused on language, literature, history, religion, folklore and culture of, not only the Serbian people, but of the entire Slavic world from the Adriatic Sea to the Arctic Ocean and from the Baltic to the Black Sea.<\/p>\n<p class=\"txt-ind\" style=\"text-align: justify;\">Organizational difficulties of the entire matter prompted Magara\u0161evi\u0107 to consult with merchants and members of the intellectual elite in Pest, who came to the conclusion that a solution might be found in the establishment of a cultural institution that would not only manage the Letopis, but, would develop a much wider range of activities. As part of these activities, publishing was instigated immediately, due to the fact that the founders strongly believed that the core of their task was to continuously publish and distribute Serbian manuscripts from then on and forevermore. Thus, at the very beginning of the activities of Matica Srpska, the books of Milovan Vidakovi\u0107, Jovan Sterija Popovi\u0107, Dositej Obradovi\u0107, Lukijan Mu\u0161icki, Jovan Suboti\u0107 and others were published.<\/p>\n<p class=\"txt-ind\" style=\"text-align: justify;\">For its entire press run, the Letopis Matice srpske, having undergone slight changes in its title (Novij serbskij letopis, from 1837; Srbskij letopis, from 1855; Srbski letopis, from 1865; Srpski letopis, from 1867; Letopis Matice srpske, from 1987), has remained the most important, though somewhat conservative, Serbian periodical with the aim to gather true values of Serbian literature, science and culture. This mission of Matica Srpska has been realized with varied, but undoubted success. Interruptions in the activities occurred only at times of great historical events when basic conditions of cultural work were not met: during the period of strong attempts of the Hungarian administration to close the institution 1835\u20131836, during the revolutionary year of 1848, as well as during World War I and World War II. The Letopis Matice srpske was edited by many cultural workers.<\/p>\n<p>Editors of the Letopis Matice srpske since the founding:<\/p>\n<p>Georgie Magara\u0161evi\u0107 (1824\u20131830), Jovan Had\u017ei\u0107 (1830\u20131831), Pavle Stamatovi\u0107 (1831\u20131832), Teodor Pavlovi\u0107 (1832\u20131841), Jovan Suboti\u0107 (1842\u20131847), Sima Filipovi\u0107 (1848), Jovan Suboti\u0107 (1850\u20131853), \u0408akov Ignjatovi\u0107 (1854\u20131856), Subota Mladenovi\u0107 (1856\u20131857), Jovan \u0110or\u0111evi\u0107 (1858\u20131859), Antonije Had\u017ei\u0107 (1859\u20131869), Jovan Bo\u0161kovi\u0107 (1870\u20131875), Antonije Had\u017ei\u0107 (1876\u20131895), \u041cilan Savi\u0107 (1896\u20131911), Tihomir Ostoji\u0107 (1912\u20131914), Vasa Staji\u0107 (1921), Kamenko Suboti\u0107 (1922\u20131923), Marko Maletin (1923\u20131929), Stevan \u0106iri\u0107 (1929), Svetislav Banica (1929), Radivoje Vrhovac (1930), Todor Manojlovi\u0107 (1931), \u017darko Vasiljevi\u0107 (1932), Nikola Milutinovi\u0107 (1933\u20131935), Vasa Staji\u0107 (1936), Nikola Milutinovi\u0107 (1936\u20131941), \u017divan Milisavac (1946\u20131957), Mladen Leskovac (1958\u20131964), Bo\u0161ko Petrovi\u0107 (1965\u20131969), Aleksandar Ti\u0161ma (1969\u20131973), Dimitrije Vu\u010denov (1974\u20131979), Mom\u010dilo Milankov (1979), Bo\u0161ko Ivkov (1980\u20131991), Slavko Gordi\u0107 (1992\u20132004), Ivan Negri\u0161orac (2005\u20132012), Slobodan Vladu\u0161i\u0107 (2013-2016), \u0110or\u0111e Despi\u0107 (2017-2020), \u0110or\u0111o Sladoje (2021-2023).<\/p>\n<p style=\"text-align: justify;\">It is the duty of contemporary editors to recognize the comprehensiveness, complexity and capital values of Serbian literature and culture.<\/p>\n<h4 style=\"text-align: justify;\">Editorial Board of the Letopis Matice srpske<\/h4>\n<p style=\"text-align: justify;\">Editor in Chief:<\/p>\n<p>Selimir Radulovi\u0107<\/p>\n<p style=\"text-align: justify;\">Members:<br \/>\nBo\u0161ko Suvajd\u017ei\u0107 (Editor of Scientific Articles)<br \/>\nMilena Kuli\u0107,<br \/>\nJelena Mari\u0107evi\u0107 Bala\u0107,<br \/>\nNenad \u0160aponj\u0430<\/p>\n<p style=\"text-align: justify;\">Secretary of the Editorial Board: Svetlana Mila\u0161inovi\u0107&nbsp;(e-mail: letopis@maticasrpska.org.rs)<\/p>\n<p style=\"text-align: justify;\">Editor: Mirjana Karanovi\u0107<br \/>\nProofreader: Branislav Karanovi\u0107<br \/>\nTechnical Editor: Vukica Tucakov<br \/>\nWeb design: Milan \u0160i\u0111anski<br \/>\nPage layout: Vladimir Vati\u0107<\/p>\n<h4 style=\"text-align: justify;\">Contact:<\/h4>\n<p style=\"text-align: justify;\">Matica srpska<\/p>\n<p>Letopis Matice srpske<\/p>\n<p>Matice srpske 1<br \/>\n21 000 Novi Sad<br \/>\nTelephone: 021 6613 864, 021 420 199 extension 112 fax 021 528 901<\/p>\n<p>e-mail:&nbsp;<a href=\"mailto:letopis@maticasrpska.org.rs\">letopis@maticasrpska.org.rs<\/a><\/p>\n<p id=\"tw-target-text\" class=\"tw-data-text tw-text-large tw-ta\" dir=\"ltr\" tabindex=\"-1\" role=\"text\" data-placeholder=\"\u041f\u0440\u0435\u0432\u043e\u0434\" aria-label=\"\u041f\u0440\u0435\u0432\u0435\u0434\u0435\u043d\u0438 \u0442\u0435\u043a\u0441\u0442: The editorial office receives contributors every second and fourth Wednesday of the month from 12:00 to 14:00.\" data-ved=\"2ahUKEwiZ7oPBuu6PAxU6hP0HHdkWFnsQ3ewLegQIDhAV\"><span class=\"Y2IQFc\" lang=\"en\">The editorial office receives contributors every second and fourth Wednesday of the month from 12:00 to 14:00<\/span><\/p>\n<p><\/p>","protected":false},"excerpt":{"rendered":"<p>Letopis Matice srpske is available only in Serbian. The History of the Letopis Matice srpske Letopis Matice srpske is a literary periodical with the longest press run in the whole world. It has been published, without major interruptions, since the year 1824. The fact that such a tradition was created by the very Serbian culture&hellip; <a href=\"https:\/\/www.maticasrpska.org.rs\/en\/letopis-matice-srpske\/\">Continue reading <span class=\"meta-nav\">&rarr;<\/span><\/a><\/p>\n","protected":false},"author":1,"featured_media":0,"parent":0,"menu_order":0,"comment_status":"closed","ping_status":"closed","template":"","meta":[],"yoast_head":"<!-- This site is optimized with the Yoast SEO plugin v16.2 - https:\/\/yoast.com\/wordpress\/plugins\/seo\/ -->\n<meta name=\"robots\" content=\"index, follow, max-snippet:-1, max-image-preview:large, max-video-preview:-1\" \/>\n<link rel=\"canonical\" href=\"https:\/\/www.maticasrpska.org.rs\/letopis-matice-srpske\/\" \/>\n<meta property=\"og:locale\" content=\"en_US\" \/>\n<meta property=\"og:type\" content=\"article\" \/>\n<meta property=\"og:title\" content=\"[:sr]\u041b\u0435\u0442\u043e\u043f\u0438\u0441 \u041c\u0430\u0442\u0438\u0446\u0435 \u0441\u0440\u043f\u0441\u043a\u0435[:en]Letopis Matice Srpske (Chronicle)[:] - \u041c\u0430\u0442\u0438\u0446\u0430 \u0441\u0440\u043f\u0441\u043a\u0430\" \/>\n<meta property=\"og:description\" content=\"Letopis Matice srpske is available only in Serbian. The History of the Letopis Matice srpske Letopis Matice srpske is a literary periodical with the longest press run in the whole world. It has been published, without major interruptions, since the year 1824. The fact that such a tradition was created by the very Serbian culture&hellip; Continue reading &rarr;\" \/>\n<meta property=\"og:url\" content=\"https:\/\/www.maticasrpska.org.rs\/letopis-matice-srpske\/\" \/>\n<meta property=\"og:site_name\" content=\"\u041c\u0430\u0442\u0438\u0446\u0430 \u0441\u0440\u043f\u0441\u043a\u0430\" \/>\n<meta property=\"article:modified_time\" content=\"2026-04-17T08:09:05+00:00\" \/>\n<meta property=\"og:image\" content=\"https:\/\/www.maticasrpska.org.rs\/letopis\/letopis_517_4\/Korica%20517_4%20april%20PRINT.jpg\" \/>\n<meta name=\"twitter:label1\" content=\"Est. reading time\">\n\t<meta name=\"twitter:data1\" content=\"7 minutes\">\n<script type=\"application\/ld+json\" class=\"yoast-schema-graph\">{\"@context\":\"https:\/\/schema.org\",\"@graph\":[{\"@type\":\"WebSite\",\"@id\":\"https:\/\/www.maticasrpska.org.rs\/#website\",\"url\":\"https:\/\/www.maticasrpska.org.rs\/\",\"name\":\"\\u041c\\u0430\\u0442\\u0438\\u0446\\u0430 \\u0441\\u0440\\u043f\\u0441\\u043a\\u0430\",\"description\":\"\\u041d\\u0430\\u0458\\u0441\\u0442\\u0430\\u0440\\u0438\\u0458\\u0430 \\u0441\\u0440\\u043f\\u0441\\u043a\\u0430 \\u043a\\u045a\\u0438\\u0436\\u0435\\u0432\\u043d\\u0430, \\u043a\\u0443\\u043b\\u0442\\u0443\\u0440\\u043d\\u0430 \\u0438 \\u043d\\u0430\\u0443\\u0447\\u043d\\u0430 \\u0438\\u043d\\u0441\\u0442\\u0438\\u0442\\u0443\\u0446\\u0438\\u0458\\u0430\",\"potentialAction\":[{\"@type\":\"SearchAction\",\"target\":\"https:\/\/www.maticasrpska.org.rs\/?s={search_term_string}\",\"query-input\":\"required name=search_term_string\"}],\"inLanguage\":\"en-US\"},{\"@type\":\"ImageObject\",\"@id\":\"https:\/\/www.maticasrpska.org.rs\/letopis-matice-srpske\/#primaryimage\",\"inLanguage\":\"en-US\",\"url\":\"https:\/\/www.maticasrpska.org.rs\/letopis\/letopis_517_4\/Korica 517_4 april PRINT.jpg\",\"contentUrl\":\"https:\/\/www.maticasrpska.org.rs\/letopis\/letopis_517_4\/Korica 517_4 april PRINT.jpg\"},{\"@type\":\"WebPage\",\"@id\":\"https:\/\/www.maticasrpska.org.rs\/letopis-matice-srpske\/#webpage\",\"url\":\"https:\/\/www.maticasrpska.org.rs\/letopis-matice-srpske\/\",\"name\":\"[:sr]\\u041b\\u0435\\u0442\\u043e\\u043f\\u0438\\u0441 \\u041c\\u0430\\u0442\\u0438\\u0446\\u0435 \\u0441\\u0440\\u043f\\u0441\\u043a\\u0435[:en]Letopis Matice Srpske (Chronicle)[:] - \\u041c\\u0430\\u0442\\u0438\\u0446\\u0430 \\u0441\\u0440\\u043f\\u0441\\u043a\\u0430\",\"isPartOf\":{\"@id\":\"https:\/\/www.maticasrpska.org.rs\/#website\"},\"primaryImageOfPage\":{\"@id\":\"https:\/\/www.maticasrpska.org.rs\/letopis-matice-srpske\/#primaryimage\"},\"datePublished\":\"2013-04-19T12:10:21+00:00\",\"dateModified\":\"2026-04-17T08:09:05+00:00\",\"breadcrumb\":{\"@id\":\"https:\/\/www.maticasrpska.org.rs\/letopis-matice-srpske\/#breadcrumb\"},\"inLanguage\":\"en-US\",\"potentialAction\":[{\"@type\":\"ReadAction\",\"target\":[\"https:\/\/www.maticasrpska.org.rs\/letopis-matice-srpske\/\"]}]},{\"@type\":\"BreadcrumbList\",\"@id\":\"https:\/\/www.maticasrpska.org.rs\/letopis-matice-srpske\/#breadcrumb\",\"itemListElement\":[{\"@type\":\"ListItem\",\"position\":1,\"item\":{\"@type\":\"WebPage\",\"@id\":\"https:\/\/www.maticasrpska.org.rs\/\",\"url\":\"https:\/\/www.maticasrpska.org.rs\/\",\"name\":\"Home\"}},{\"@type\":\"ListItem\",\"position\":2,\"item\":{\"@id\":\"https:\/\/www.maticasrpska.org.rs\/letopis-matice-srpske\/#webpage\"}}]}]}<\/script>\n<!-- \/ Yoast SEO plugin. -->","_links":{"self":[{"href":"https:\/\/www.maticasrpska.org.rs\/en\/wp-json\/wp\/v2\/pages\/40"}],"collection":[{"href":"https:\/\/www.maticasrpska.org.rs\/en\/wp-json\/wp\/v2\/pages"}],"about":[{"href":"https:\/\/www.maticasrpska.org.rs\/en\/wp-json\/wp\/v2\/types\/page"}],"author":[{"embeddable":true,"href":"https:\/\/www.maticasrpska.org.rs\/en\/wp-json\/wp\/v2\/users\/1"}],"replies":[{"embeddable":true,"href":"https:\/\/www.maticasrpska.org.rs\/en\/wp-json\/wp\/v2\/comments?post=40"}],"version-history":[{"count":24,"href":"https:\/\/www.maticasrpska.org.rs\/en\/wp-json\/wp\/v2\/pages\/40\/revisions"}],"predecessor-version":[{"id":39987,"href":"https:\/\/www.maticasrpska.org.rs\/en\/wp-json\/wp\/v2\/pages\/40\/revisions\/39987"}],"wp:attachment":[{"href":"https:\/\/www.maticasrpska.org.rs\/en\/wp-json\/wp\/v2\/media?parent=40"}],"curies":[{"name":"wp","href":"https:\/\/api.w.org\/{rel}","templated":true}]}}