{"id":42,"date":"2013-04-19T12:10:31","date_gmt":"2013-04-19T12:10:31","guid":{"rendered":"http:\/\/ms.sandbox.in.rs\/?page_id=42"},"modified":"2024-04-04T13:39:53","modified_gmt":"2024-04-04T12:39:53","slug":"rad-matice-srpske","status":"publish","type":"page","link":"https:\/\/www.maticasrpska.org.rs\/en\/rad-matice-srpske\/","title":{"rendered":"Rad Matice srpske"},"content":{"rendered":"<p><\/p>\n<p class=\"txt-ind\">Matica Srpska has repeatedly launched periodicals with the objective to inform the general public more thoroughly about its work: Pregled stanja sviju fondova i zadu\u017ebina (Overview of all Funds and Endowments) (1840\u20131909), Rad i imenik Matice srpske (The Work and Directory of Matica Srpska) (1887\u20131933), Izve\u0161taj o radu Upravnog odbora (Report on the Work of the Management Board) (1925\u20131926), Glas Matice srpske (The Voice of Matica Srpska) 1934\u20131941 and 1945, special issue), Glasnik Matice srpsk e(1946-1949 and 2008 \u2013 ), Vesti iz Matice (News from the Matica) (1979\u20131983).<\/p>\n<p class=\"txt-ind\">The decision about publishing Rad Matice srpske was made by the Management Board at a meeting on the 14th of April 1971.<\/p>\n<h3>Editors of Rad Matice srpske:<\/h3>\n<ul>\n<li>Pavle Maletin, editor in chief; Bo\u0161ko Petrovi\u0107, managing editor (1971\u20131978)<\/li>\n<li><\/li>\n<li>Du\u0161an Popov (1979\u20131990)<\/li>\n<li><\/li>\n<li>Miroslav Rankov (1991\u20131994)<\/li>\n<li><\/li>\n<li>Dragan Stani\u0107 (1995\u20132003)<\/li>\n<li><\/li>\n<li>Pavle Stanojevi\u0107 (2004\u20132007)<\/li>\n<li><\/li>\n<li>Professor Du\u0161an Nikoli\u0107, PhD (2008\u20132012)<\/li>\n<li><\/li>\n<li>Assistant Professor \u0110or\u0111e \u0110uri\u0107, PhD (2012\u20132016)<\/li>\n<li><\/li>\n<\/ul>\n<h3>Editorial Board of Rad Matice srpske<\/h3>\n<p class=\"txt-ind\">The Editorial Board of Rad Matice srpske is comprised of the Secretary General of Matica Srpska, directors of the Gallery and the Library of Matica Srpska, president of the Assembly of the Publishing Center of Matica Srpska and the secretary of the editorial board. They are named by the Management Board of Matica Srpska.<\/p>\n<h3>\u0421\u0430\u0434\u0430\u0448\u045a\u0435 \u0443\u0440\u0435\u0434\u043d\u0438\u0448\u0442\u0432\u043e:<\/h3>\n<ul>\n<li>Professor Dragan Stani\u0107, PhD, Editor in Chief<\/li>\n<li><\/li>\n<li>Selimir Radulovi\u0107, member<\/li>\n<li><\/li>\n<li>Tijana Palkovljevi\u0107 Bugarski, MA, member<\/li>\n<li><\/li>\n<li>Professor Mato Pi\u017eurica, PhD, member<\/li>\n<li><\/li>\n<li>Aleksandra Jovanovi\u0107, secretary<\/li>\n<li><a href=\"http:\/\/www.maticasrpska.org.rs\/stariSajt\/casopisi\/rad_ms_2024.pdf\" target=\"_blank\" rel=\"noopener\">\u0420\u0430\u0434 \u041c\u0430\u0442\u0438\u0446\u0435 \u0441\u0440\u043f\u0441\u043a\u0435 &#8211; \u043f\u043e\u0441\u0435\u0431\u043d\u043e \u0438\u0437\u0434\u0430\u045a\u0435 \u0437\u0430 \u0441\u043a\u0443\u043f\u0448\u0442\u0438\u043d\u0443 2024. \u0433\u043e\u0434\u0438\u043d\u0435<\/a><br \/>\n<a href=\"http:\/\/www.maticasrpska.org.rs\/stariSajt\/casopisi\/rad_ms_2020.pdf\" target=\"_blank\" rel=\"noopener\">\u0420\u0430\u0434 \u041c\u0430\u0442\u0438\u0446\u0435 \u0441\u0440\u043f\u0441\u043a\u0435 &#8211; \u043f\u043e\u0441\u0435\u0431\u043d\u043e \u0438\u0437\u0434\u0430\u045a\u0435 \u0437\u0430 \u0441\u043a\u0443\u043f\u0448\u0442\u0438\u043d\u0443 2020. \u0433\u043e\u0434\u0438\u043d\u0435<\/a><br \/>\n<a href=\"http:\/\/www.maticasrpska.org.rs\/stariSajt\/casopisi\/Rad_MS_2016.pdf\" target=\"_blank\" rel=\"noopener\">\u0420\u0430\u0434 \u041c\u0430\u0442\u0438\u0446\u0435 \u0441\u0440\u043f\u0441\u043a\u0435 &#8211; \u043f\u043e\u0441\u0435\u0431\u043d\u043e \u0438\u0437\u0434\u0430\u045a\u0435 \u0437\u0430 \u0441\u043a\u0443\u043f\u0448\u0442\u0438\u043d\u0443 2016. \u0433\u043e\u0434\u0438\u043d\u0435<\/a><br \/>\n<a href=\"http:\/\/www.maticasrpska.org.rs\/wordpress\/assets\/rad_ms_posebno.pdf\" target=\"_blank\" rel=\"noopener\">\u0420\u0430\u0434 \u041c\u0430\u0442\u0438\u0446\u0435 \u0441\u0440\u043f\u0441\u043a\u0435 &#8211; \u043f\u043e\u0441\u0435\u0431\u043d\u043e \u0438\u0437\u0434\u0430\u045a\u0435 \u0437\u0430 \u0441\u043a\u0443\u043f\u0448\u0442\u0438\u043d\u0443 2012. \u0433\u043e\u0434\u0438\u043d\u0435<\/a><br \/>\n<a href=\"http:\/\/www.maticasrpska.org.rs\/wordpress\/assets\/rad_ms_47.pdf\" target=\"_blank\" rel=\"noopener\">\u0420\u0430\u0434 \u041c\u0430\u0442\u0438\u0446\u0435 \u0441\u0440\u043f\u0441\u043a\u0435 \u0431\u0440\u043e\u0458 47<\/a><br \/>\n<a href=\"http:\/\/www.maticasrpska.org.rs\/wordpress\/assets\/rad_ms_46.pdf\" target=\"_blank\" rel=\"noopener\">\u0420\u0430\u0434 \u041c\u0430\u0442\u0438\u0446\u0435 \u0441\u0440\u043f\u0441\u043a\u0435 \u0431\u0440\u043e\u0458 46<\/a><br \/>\n<a href=\"http:\/\/www.maticasrpska.org.rs\/wordpress\/assets\/rad_ms_45.pdf\" target=\"_blank\" rel=\"noopener\">\u0420\u0430\u0434 \u041c\u0430\u0442\u0438\u0446\u0435 \u0441\u0440\u043f\u0441\u043a\u0435 \u0431\u0440\u043e\u0458 45<\/a><\/p>\n<p><\/li>\n<\/ul>","protected":false},"excerpt":{"rendered":"<p>Matica Srpska has repeatedly launched periodicals with the objective to inform the general public more thoroughly about its work: Pregled stanja sviju fondova i zadu\u017ebina (Overview of all Funds and Endowments) (1840\u20131909), Rad i imenik Matice srpske (The Work and Directory of Matica Srpska) (1887\u20131933), Izve\u0161taj o radu Upravnog odbora (Report on the Work of&hellip; <a href=\"https:\/\/www.maticasrpska.org.rs\/en\/rad-matice-srpske\/\">Continue reading <span class=\"meta-nav\">&rarr;<\/span><\/a><\/p>\n","protected":false},"author":1,"featured_media":0,"parent":0,"menu_order":0,"comment_status":"closed","ping_status":"closed","template":"","meta":[],"yoast_head":"<!-- This site is optimized with the Yoast SEO plugin v16.2 - https:\/\/yoast.com\/wordpress\/plugins\/seo\/ -->\n<meta name=\"robots\" content=\"index, follow, max-snippet:-1, max-image-preview:large, max-video-preview:-1\" \/>\n<link rel=\"canonical\" href=\"https:\/\/www.maticasrpska.org.rs\/rad-matice-srpske\/\" \/>\n<meta property=\"og:locale\" content=\"en_US\" \/>\n<meta property=\"og:type\" content=\"article\" \/>\n<meta property=\"og:title\" content=\"[:sr]\u0420\u0430\u0434 \u041c\u0430\u0442\u0438\u0446\u0435 \u0441\u0440\u043f\u0441\u043a\u0435[:en]Rad Matice srpske[:] - \u041c\u0430\u0442\u0438\u0446\u0430 \u0441\u0440\u043f\u0441\u043a\u0430\" \/>\n<meta property=\"og:description\" content=\"Matica Srpska has repeatedly launched periodicals with the objective to inform the general public more thoroughly about its work: Pregled stanja sviju fondova i zadu\u017ebina (Overview of all Funds and Endowments) (1840\u20131909), Rad i imenik Matice srpske (The Work and Directory of Matica Srpska) (1887\u20131933), Izve\u0161taj o radu Upravnog odbora (Report on the Work of&hellip; Continue reading &rarr;\" \/>\n<meta property=\"og:url\" content=\"https:\/\/www.maticasrpska.org.rs\/rad-matice-srpske\/\" \/>\n<meta property=\"og:site_name\" content=\"\u041c\u0430\u0442\u0438\u0446\u0430 \u0441\u0440\u043f\u0441\u043a\u0430\" \/>\n<meta property=\"article:modified_time\" content=\"2024-04-04T12:39:53+00:00\" \/>\n<meta name=\"twitter:label1\" content=\"Est. reading time\">\n\t<meta name=\"twitter:data1\" content=\"3 minutes\">\n<script type=\"application\/ld+json\" class=\"yoast-schema-graph\">{\"@context\":\"https:\/\/schema.org\",\"@graph\":[{\"@type\":\"WebSite\",\"@id\":\"https:\/\/www.maticasrpska.org.rs\/#website\",\"url\":\"https:\/\/www.maticasrpska.org.rs\/\",\"name\":\"\\u041c\\u0430\\u0442\\u0438\\u0446\\u0430 \\u0441\\u0440\\u043f\\u0441\\u043a\\u0430\",\"description\":\"\\u041d\\u0430\\u0458\\u0441\\u0442\\u0430\\u0440\\u0438\\u0458\\u0430 \\u0441\\u0440\\u043f\\u0441\\u043a\\u0430 \\u043a\\u045a\\u0438\\u0436\\u0435\\u0432\\u043d\\u0430, \\u043a\\u0443\\u043b\\u0442\\u0443\\u0440\\u043d\\u0430 \\u0438 \\u043d\\u0430\\u0443\\u0447\\u043d\\u0430 \\u0438\\u043d\\u0441\\u0442\\u0438\\u0442\\u0443\\u0446\\u0438\\u0458\\u0430\",\"potentialAction\":[{\"@type\":\"SearchAction\",\"target\":\"https:\/\/www.maticasrpska.org.rs\/?s={search_term_string}\",\"query-input\":\"required name=search_term_string\"}],\"inLanguage\":\"en-US\"},{\"@type\":\"WebPage\",\"@id\":\"https:\/\/www.maticasrpska.org.rs\/rad-matice-srpske\/#webpage\",\"url\":\"https:\/\/www.maticasrpska.org.rs\/rad-matice-srpske\/\",\"name\":\"[:sr]\\u0420\\u0430\\u0434 \\u041c\\u0430\\u0442\\u0438\\u0446\\u0435 \\u0441\\u0440\\u043f\\u0441\\u043a\\u0435[:en]Rad Matice srpske[:] - \\u041c\\u0430\\u0442\\u0438\\u0446\\u0430 \\u0441\\u0440\\u043f\\u0441\\u043a\\u0430\",\"isPartOf\":{\"@id\":\"https:\/\/www.maticasrpska.org.rs\/#website\"},\"datePublished\":\"2013-04-19T12:10:31+00:00\",\"dateModified\":\"2024-04-04T12:39:53+00:00\",\"breadcrumb\":{\"@id\":\"https:\/\/www.maticasrpska.org.rs\/rad-matice-srpske\/#breadcrumb\"},\"inLanguage\":\"en-US\",\"potentialAction\":[{\"@type\":\"ReadAction\",\"target\":[\"https:\/\/www.maticasrpska.org.rs\/rad-matice-srpske\/\"]}]},{\"@type\":\"BreadcrumbList\",\"@id\":\"https:\/\/www.maticasrpska.org.rs\/rad-matice-srpske\/#breadcrumb\",\"itemListElement\":[{\"@type\":\"ListItem\",\"position\":1,\"item\":{\"@type\":\"WebPage\",\"@id\":\"https:\/\/www.maticasrpska.org.rs\/\",\"url\":\"https:\/\/www.maticasrpska.org.rs\/\",\"name\":\"Home\"}},{\"@type\":\"ListItem\",\"position\":2,\"item\":{\"@id\":\"https:\/\/www.maticasrpska.org.rs\/rad-matice-srpske\/#webpage\"}}]}]}<\/script>\n<!-- \/ Yoast SEO plugin. -->","_links":{"self":[{"href":"https:\/\/www.maticasrpska.org.rs\/en\/wp-json\/wp\/v2\/pages\/42"}],"collection":[{"href":"https:\/\/www.maticasrpska.org.rs\/en\/wp-json\/wp\/v2\/pages"}],"about":[{"href":"https:\/\/www.maticasrpska.org.rs\/en\/wp-json\/wp\/v2\/types\/page"}],"author":[{"embeddable":true,"href":"https:\/\/www.maticasrpska.org.rs\/en\/wp-json\/wp\/v2\/users\/1"}],"replies":[{"embeddable":true,"href":"https:\/\/www.maticasrpska.org.rs\/en\/wp-json\/wp\/v2\/comments?post=42"}],"version-history":[{"count":0,"href":"https:\/\/www.maticasrpska.org.rs\/en\/wp-json\/wp\/v2\/pages\/42\/revisions"}],"wp:attachment":[{"href":"https:\/\/www.maticasrpska.org.rs\/en\/wp-json\/wp\/v2\/media?parent=42"}],"curies":[{"name":"wp","href":"https:\/\/api.w.org\/{rel}","templated":true}]}}