{"id":43,"date":"2013-04-19T12:10:44","date_gmt":"2013-04-19T12:10:44","guid":{"rendered":"http:\/\/ms.sandbox.in.rs\/?page_id=43"},"modified":"2015-04-17T11:31:30","modified_gmt":"2015-04-17T09:31:30","slug":"panteon-matice-srpske","status":"publish","type":"page","link":"https:\/\/www.maticasrpska.org.rs\/en\/panteon-matice-srpske\/","title":{"rendered":"The Pantheon of Matica Srpska"},"content":{"rendered":"<p><\/p>\n<p><\/p>\n<h3>The influence of enlightening ideas<\/h3>\n<p>At the turn of the 19th century, a time when national consciousness and the movement to free Serbia from centuries of Ottoman occupation was gaining power, Serbian intellectuals in the Habsburg Monarchy accepted the cultural and organizational norms and values that were spreading under the influence of enlightening ideas in Europe of the time. In 1824 Letopis (Chronicle) was first published and in 1826 Matica Srpska was founded. Members of Matica Srpska strived for the presentation of Serbian culture to the world and, at the same time, for the enlightenment of the people. The goal was to rejoin the trends of contemporary Europe as well as to maintain national identity thereat.<\/p>\n<h3>Honorees, benefactors and associates<\/h3>\n<p>Like in a beehive everybody had their roles. The Presidents, Vice Presidents and General Secretaries of Matica Srpska, who were elected from the most esteemed individuals, were given the honor of running the most significant Serbian institution. Wealthy citizens supported the mission of culture and enlightenment of Matica Srpska realized by numerous associates.<\/p>\n<h3>The Vision of Sava Popovi\u0107 Tekelija<\/h3>\n<p>A special contribution to the development of Matica Srpska, along with Jovan Had\u017ei\u0107, one of its founders, was given by Sava Popovi\u0107 Tekelija, the first Serbian Doctor of Law and one of the most important benefactors, who was elected for its president in 1838. As a follower of enlightening ideas he advocated that Matica Srpska should receive the same attributes as the Serbian Academy of Science. He believed that the social elite gathered around it should work on the enlightenment of the people, whereas the people should guard the memory of distinguished individuals. In his will Tekelija specified that one of the rooms in the Tekelijanum Palace in Pest, under the government of Matica Srpska, was to be transformed into a kind of Serbian Pantheon modelled after the Hall of Fame in Paris.<\/p>\n<h3>The Pantheon of Matica Srpska<\/h3>\n<p>Tekelija\u2019s idea about the forming of the Pantheon was never officially taken into consideration, however Matica Srpska has spent decades collecting portraits and manuscripts of its presidents and benefactors. In this manner a collection has been created that represents an authentic testimony about the influence of members of the intellectual elite and the middle class on the development of Serbian society.<br \/>\nThere are about a hundred portraits of honorees, benefactors and associates, several dozen thousands of photographs, letters and other documents in the Marija Trandafil endowment building, where the headquarters of Matica Srpska is located today. A significant portion of this corpus is included in the electronic data bases of Matica Srpska.<\/p>\n<h3>Matica Srpska as the Serbian Pantheon<\/h3>\n<p>Matica Srpska does not treasure the memory of its honorees, benefactors and associates only. It has been the guardian of the collective memory of other significant individuals as well for almost two centuries now. Several dozen projects are worked on in the seven scientific departments of Matica Srpska. Some of those are of crucial importance for the creation of the so called personal history of the Serbian people: the Serbian Biographic Dictionary with 28,000 biographies and the Serbian Encyclopedia that contains information about numerous individuals, institutions and events. Documents that give testimonies about the lives and works of the most esteemed Serbs are conserved and processed in the Manuscript Department.<br \/>\nTen scientific journals are published by Matica Srpska. Amongst other things, information about writers, scientists and others who made a mark on Serbian history can be found in them.<br \/>\nThe Library of Matica Srpska has approximately 3,500,000 publications including many with biographical data about prominent individuals.<br \/>\nNumerous portraits are exhibited in the Gallery of Matica Srpska. The experts of the Gallery of Matica Srpska care for dozens of others that are not included in permanent exhibitions.<br \/>\nMatica Srpska has unofficially become a Serbian Pantheon of a kind.<\/p>\n<h3>The Open Door of Matica Srpska<\/h3>\n<p>The endowment building of Marija Trandafil, where the scientific departments, the Library of Matica Srpska and the Pantheon of Matica Srpska are located, is open for individual and group visits of employees of cultural and scientific institutions, diplomatic representatives of foreign countries, pupils, students and their professors.<br \/>\nThe permanent exhibition of the Pantheon is comprised of portraits, a collection of the most important documents and the Secretary General\u2019s Library with legends in Serbian and in English. Data bases with detailed biographies of presidents and benefactors of Matica Srpska as well as selected biographies from the Serbian Biographical Dictionary can be accessed through computer terminals (touch screen).<br \/>\nGroup visits are arranged with the Office for Protocol and Public Relations of Matica Srpska. Visits to scientific departments and the Library of Matica Srpska can be organized for all those who are interested.<br \/>\nThe Gallery of Matica Srpska is open to the public on workdays from 10 a.m. to 6 p.m.<\/p>\n<h3>The realization of Tekelija\u2019s vision<\/h3>\n<p>The suggestion to form the Pantheon was given by the Secretary General of Matica Srpska Professor Du\u0161an Nikoli\u0107, PhD, in late 2008, on the 170th anniversary of the election of Sava Tekelija for the president of Matica Srpska. The project was realized in 2010 with financial support from the City of Novi Sad.<br \/>\nThe following people contributed to the shaping of the Pantheon: Tijana Palkovljevi\u0107 MA manager of the Gallery of Matica Srpska; Dragana Beleslijin, expert associate of Matica Srpska; Aleksandra Jovanovi\u0107, expert associate of the Manuscript Department of Matica Srpska; Vukica Tucakov, technical editor of the editions of Matica Srpska; Andrej Kalmar, interpreter; Vladimir \u0160ovljanski, lector and corrector; Aleksandra Stefanov, curator of the Gallery of Matica Srpska; Vladimir Nikoli\u0107, expert associate of the Manuscript Department of Matica Srpska; Mirjana Isakov, designer; Miroslav Zari\u0107, IT, Ljubomir Bor\u0111o\u0161ki, electrical engineer, supervisor of public lighting; Danilo Vuksanovi\u0107, conservator from the Gallery of Matica Srpska and Sa\u0161a Kuli\u0107, economist in Matica Srpska.<\/p>\n<h4>Contact:<\/h4>\n<p>Matica Srpska<br \/>\nSlu\u017eba za protokol i odnose sa javno\u0161\u0107u<br \/>\nUlica Matice srpske 1<br \/>\n21 000 Novi Sad<br \/>\nPhone: 021 527 855<br \/>\nFax: 021 528 901<br \/>\n\u0435-mail: <a href=\"mailto:protkol@maticasrpska.org.rs\">protkol@maticasrpska.org.rs<\/a><\/p>\n<p><\/p>","protected":false},"excerpt":{"rendered":"<p>The influence of enlightening ideas At the turn of the 19th century, a time when national consciousness and the movement to free Serbia from centuries of Ottoman occupation was gaining power, Serbian intellectuals in the Habsburg Monarchy accepted the cultural and organizational norms and values that were spreading under the influence of enlightening ideas in&hellip; <a href=\"https:\/\/www.maticasrpska.org.rs\/en\/panteon-matice-srpske\/\">Continue reading <span class=\"meta-nav\">&rarr;<\/span><\/a><\/p>\n","protected":false},"author":1,"featured_media":0,"parent":0,"menu_order":0,"comment_status":"closed","ping_status":"closed","template":"","meta":[],"yoast_head":"<!-- This site is optimized with the Yoast SEO plugin v16.2 - https:\/\/yoast.com\/wordpress\/plugins\/seo\/ -->\n<meta name=\"robots\" content=\"index, follow, max-snippet:-1, max-image-preview:large, max-video-preview:-1\" \/>\n<link rel=\"canonical\" href=\"https:\/\/www.maticasrpska.org.rs\/panteon-matice-srpske\/\" \/>\n<meta property=\"og:locale\" content=\"en_US\" \/>\n<meta property=\"og:type\" content=\"article\" \/>\n<meta property=\"og:title\" content=\"\u041f\u0430\u043d\u0442\u0435\u043e\u043d \u041c\u0430\u0442\u0438\u0446\u0435 \u0441\u0440\u043f\u0441\u043a\u0435The Pantheon of Matica Srpska - \u041c\u0430\u0442\u0438\u0446\u0430 \u0441\u0440\u043f\u0441\u043a\u0430\" \/>\n<meta property=\"og:description\" content=\"The influence of enlightening ideas At the turn of the 19th century, a time when national consciousness and the movement to free Serbia from centuries of Ottoman occupation was gaining power, Serbian intellectuals in the Habsburg Monarchy accepted the cultural and organizational norms and values that were spreading under the influence of enlightening ideas in&hellip; Continue reading &rarr;\" \/>\n<meta property=\"og:url\" content=\"https:\/\/www.maticasrpska.org.rs\/panteon-matice-srpske\/\" \/>\n<meta property=\"og:site_name\" content=\"\u041c\u0430\u0442\u0438\u0446\u0430 \u0441\u0440\u043f\u0441\u043a\u0430\" \/>\n<meta property=\"article:modified_time\" content=\"2015-04-17T09:31:30+00:00\" \/>\n<meta name=\"twitter:label1\" content=\"Est. reading time\">\n\t<meta name=\"twitter:data1\" content=\"5 minutes\">\n<script type=\"application\/ld+json\" class=\"yoast-schema-graph\">{\"@context\":\"https:\/\/schema.org\",\"@graph\":[{\"@type\":\"WebSite\",\"@id\":\"https:\/\/www.maticasrpska.org.rs\/#website\",\"url\":\"https:\/\/www.maticasrpska.org.rs\/\",\"name\":\"\\u041c\\u0430\\u0442\\u0438\\u0446\\u0430 \\u0441\\u0440\\u043f\\u0441\\u043a\\u0430\",\"description\":\"\\u041d\\u0430\\u0458\\u0441\\u0442\\u0430\\u0440\\u0438\\u0458\\u0430 \\u0441\\u0440\\u043f\\u0441\\u043a\\u0430 \\u043a\\u045a\\u0438\\u0436\\u0435\\u0432\\u043d\\u0430, \\u043a\\u0443\\u043b\\u0442\\u0443\\u0440\\u043d\\u0430 \\u0438 \\u043d\\u0430\\u0443\\u0447\\u043d\\u0430 \\u0438\\u043d\\u0441\\u0442\\u0438\\u0442\\u0443\\u0446\\u0438\\u0458\\u0430\",\"potentialAction\":[{\"@type\":\"SearchAction\",\"target\":\"https:\/\/www.maticasrpska.org.rs\/?s={search_term_string}\",\"query-input\":\"required name=search_term_string\"}],\"inLanguage\":\"en-US\"},{\"@type\":\"WebPage\",\"@id\":\"https:\/\/www.maticasrpska.org.rs\/panteon-matice-srpske\/#webpage\",\"url\":\"https:\/\/www.maticasrpska.org.rs\/panteon-matice-srpske\/\",\"name\":\"\\u041f\\u0430\\u043d\\u0442\\u0435\\u043e\\u043d \\u041c\\u0430\\u0442\\u0438\\u0446\\u0435 \\u0441\\u0440\\u043f\\u0441\\u043a\\u0435The Pantheon of Matica Srpska - \\u041c\\u0430\\u0442\\u0438\\u0446\\u0430 \\u0441\\u0440\\u043f\\u0441\\u043a\\u0430\",\"isPartOf\":{\"@id\":\"https:\/\/www.maticasrpska.org.rs\/#website\"},\"datePublished\":\"2013-04-19T12:10:44+00:00\",\"dateModified\":\"2015-04-17T09:31:30+00:00\",\"breadcrumb\":{\"@id\":\"https:\/\/www.maticasrpska.org.rs\/panteon-matice-srpske\/#breadcrumb\"},\"inLanguage\":\"en-US\",\"potentialAction\":[{\"@type\":\"ReadAction\",\"target\":[\"https:\/\/www.maticasrpska.org.rs\/panteon-matice-srpske\/\"]}]},{\"@type\":\"BreadcrumbList\",\"@id\":\"https:\/\/www.maticasrpska.org.rs\/panteon-matice-srpske\/#breadcrumb\",\"itemListElement\":[{\"@type\":\"ListItem\",\"position\":1,\"item\":{\"@type\":\"WebPage\",\"@id\":\"https:\/\/www.maticasrpska.org.rs\/\",\"url\":\"https:\/\/www.maticasrpska.org.rs\/\",\"name\":\"Home\"}},{\"@type\":\"ListItem\",\"position\":2,\"item\":{\"@id\":\"https:\/\/www.maticasrpska.org.rs\/panteon-matice-srpske\/#webpage\"}}]}]}<\/script>\n<!-- \/ Yoast SEO plugin. -->","_links":{"self":[{"href":"https:\/\/www.maticasrpska.org.rs\/en\/wp-json\/wp\/v2\/pages\/43"}],"collection":[{"href":"https:\/\/www.maticasrpska.org.rs\/en\/wp-json\/wp\/v2\/pages"}],"about":[{"href":"https:\/\/www.maticasrpska.org.rs\/en\/wp-json\/wp\/v2\/types\/page"}],"author":[{"embeddable":true,"href":"https:\/\/www.maticasrpska.org.rs\/en\/wp-json\/wp\/v2\/users\/1"}],"replies":[{"embeddable":true,"href":"https:\/\/www.maticasrpska.org.rs\/en\/wp-json\/wp\/v2\/comments?post=43"}],"version-history":[{"count":0,"href":"https:\/\/www.maticasrpska.org.rs\/en\/wp-json\/wp\/v2\/pages\/43\/revisions"}],"wp:attachment":[{"href":"https:\/\/www.maticasrpska.org.rs\/en\/wp-json\/wp\/v2\/media?parent=43"}],"curies":[{"name":"wp","href":"https:\/\/api.w.org\/{rel}","templated":true}]}}