{"id":46,"date":"2013-04-19T12:11:20","date_gmt":"2013-04-19T12:11:20","guid":{"rendered":"http:\/\/ms.sandbox.in.rs\/?page_id=46"},"modified":"2020-10-29T15:16:12","modified_gmt":"2020-10-29T14:16:12","slug":"casnistvo","status":"publish","type":"page","link":"https:\/\/www.maticasrpska.org.rs\/en\/matica-srpska\/casnistvo\/","title":{"rendered":"Honorees (Presidents)"},"content":{"rendered":"<p><\/p>\n<ul>\n<li>Professor Dragan Stani\u0107, PhD, President<\/li>\n<li>Professor Jovan Deli\u0107, PhD, Vice President<\/li>\n<li>Professor Milan Matavulj, PhD, Vice President<\/li>\n<li>Professor Sr\u0111an \u0160ljuki\u0107, PhD, Vice President<\/li>\n<li>Milan Mici\u0107, PhD, General Secretary<\/li>\n<\/ul>\n<p><\/p>","protected":false},"excerpt":{"rendered":"<p>Professor Dragan Stani\u0107, PhD, President Professor Jovan Deli\u0107, PhD, Vice President Professor Milan Matavulj, PhD, Vice President Professor Sr\u0111an \u0160ljuki\u0107, PhD, Vice President Milan Mici\u0107, PhD, General Secretary<\/p>\n","protected":false},"author":1,"featured_media":0,"parent":11,"menu_order":0,"comment_status":"closed","ping_status":"closed","template":"","meta":[],"yoast_head":"<!-- This site is optimized with the Yoast SEO plugin v16.2 - https:\/\/yoast.com\/wordpress\/plugins\/seo\/ -->\n<meta name=\"robots\" content=\"index, follow, max-snippet:-1, max-image-preview:large, max-video-preview:-1\" \/>\n<link rel=\"canonical\" href=\"https:\/\/www.maticasrpska.org.rs\/matica-srpska\/casnistvo\/\" \/>\n<meta property=\"og:locale\" content=\"en_US\" \/>\n<meta property=\"og:type\" content=\"article\" \/>\n<meta property=\"og:title\" content=\"[:sr]\u0427\u0430\u0441\u043d\u0438\u0448\u0442\u0432\u043e (\u043f\u0440\u0435\u0434\u0441\u0435\u0434\u043d\u0438\u0448\u0442\u0432\u043e)[:en]Honorees (Presidents)[:] - \u041c\u0430\u0442\u0438\u0446\u0430 \u0441\u0440\u043f\u0441\u043a\u0430\" \/>\n<meta property=\"og:description\" content=\"Professor Dragan Stani\u0107, PhD, President Professor Jovan Deli\u0107, PhD, Vice President Professor Milan Matavulj, PhD, Vice President Professor Sr\u0111an \u0160ljuki\u0107, PhD, Vice President Milan Mici\u0107, PhD, General Secretary\" \/>\n<meta property=\"og:url\" content=\"https:\/\/www.maticasrpska.org.rs\/matica-srpska\/casnistvo\/\" \/>\n<meta property=\"og:site_name\" content=\"\u041c\u0430\u0442\u0438\u0446\u0430 \u0441\u0440\u043f\u0441\u043a\u0430\" \/>\n<meta property=\"article:modified_time\" content=\"2020-10-29T14:16:12+00:00\" \/>\n<script type=\"application\/ld+json\" class=\"yoast-schema-graph\">{\"@context\":\"https:\/\/schema.org\",\"@graph\":[{\"@type\":\"WebSite\",\"@id\":\"https:\/\/www.maticasrpska.org.rs\/#website\",\"url\":\"https:\/\/www.maticasrpska.org.rs\/\",\"name\":\"\\u041c\\u0430\\u0442\\u0438\\u0446\\u0430 \\u0441\\u0440\\u043f\\u0441\\u043a\\u0430\",\"description\":\"\\u041d\\u0430\\u0458\\u0441\\u0442\\u0430\\u0440\\u0438\\u0458\\u0430 \\u0441\\u0440\\u043f\\u0441\\u043a\\u0430 \\u043a\\u045a\\u0438\\u0436\\u0435\\u0432\\u043d\\u0430, \\u043a\\u0443\\u043b\\u0442\\u0443\\u0440\\u043d\\u0430 \\u0438 \\u043d\\u0430\\u0443\\u0447\\u043d\\u0430 \\u0438\\u043d\\u0441\\u0442\\u0438\\u0442\\u0443\\u0446\\u0438\\u0458\\u0430\",\"potentialAction\":[{\"@type\":\"SearchAction\",\"target\":\"https:\/\/www.maticasrpska.org.rs\/?s={search_term_string}\",\"query-input\":\"required name=search_term_string\"}],\"inLanguage\":\"en-US\"},{\"@type\":\"WebPage\",\"@id\":\"https:\/\/www.maticasrpska.org.rs\/matica-srpska\/casnistvo\/#webpage\",\"url\":\"https:\/\/www.maticasrpska.org.rs\/matica-srpska\/casnistvo\/\",\"name\":\"[:sr]\\u0427\\u0430\\u0441\\u043d\\u0438\\u0448\\u0442\\u0432\\u043e (\\u043f\\u0440\\u0435\\u0434\\u0441\\u0435\\u0434\\u043d\\u0438\\u0448\\u0442\\u0432\\u043e)[:en]Honorees (Presidents)[:] - \\u041c\\u0430\\u0442\\u0438\\u0446\\u0430 \\u0441\\u0440\\u043f\\u0441\\u043a\\u0430\",\"isPartOf\":{\"@id\":\"https:\/\/www.maticasrpska.org.rs\/#website\"},\"datePublished\":\"2013-04-19T12:11:20+00:00\",\"dateModified\":\"2020-10-29T14:16:12+00:00\",\"breadcrumb\":{\"@id\":\"https:\/\/www.maticasrpska.org.rs\/matica-srpska\/casnistvo\/#breadcrumb\"},\"inLanguage\":\"en-US\",\"potentialAction\":[{\"@type\":\"ReadAction\",\"target\":[\"https:\/\/www.maticasrpska.org.rs\/matica-srpska\/casnistvo\/\"]}]},{\"@type\":\"BreadcrumbList\",\"@id\":\"https:\/\/www.maticasrpska.org.rs\/matica-srpska\/casnistvo\/#breadcrumb\",\"itemListElement\":[{\"@type\":\"ListItem\",\"position\":1,\"item\":{\"@type\":\"WebPage\",\"@id\":\"https:\/\/www.maticasrpska.org.rs\/\",\"url\":\"https:\/\/www.maticasrpska.org.rs\/\",\"name\":\"Home\"}},{\"@type\":\"ListItem\",\"position\":2,\"item\":{\"@type\":\"WebPage\",\"@id\":\"https:\/\/www.maticasrpska.org.rs\/matica-srpska\/\",\"url\":\"https:\/\/www.maticasrpska.org.rs\/matica-srpska\/\",\"name\":\"\\u041c\\u0430\\u0442\\u0438\\u0446\\u0430 \\u0441\\u0440\\u043f\\u0441\\u043a\\u0430\"}},{\"@type\":\"ListItem\",\"position\":3,\"item\":{\"@id\":\"https:\/\/www.maticasrpska.org.rs\/matica-srpska\/casnistvo\/#webpage\"}}]}]}<\/script>\n<!-- \/ Yoast SEO plugin. -->","_links":{"self":[{"href":"https:\/\/www.maticasrpska.org.rs\/en\/wp-json\/wp\/v2\/pages\/46"}],"collection":[{"href":"https:\/\/www.maticasrpska.org.rs\/en\/wp-json\/wp\/v2\/pages"}],"about":[{"href":"https:\/\/www.maticasrpska.org.rs\/en\/wp-json\/wp\/v2\/types\/page"}],"author":[{"embeddable":true,"href":"https:\/\/www.maticasrpska.org.rs\/en\/wp-json\/wp\/v2\/users\/1"}],"replies":[{"embeddable":true,"href":"https:\/\/www.maticasrpska.org.rs\/en\/wp-json\/wp\/v2\/comments?post=46"}],"version-history":[{"count":0,"href":"https:\/\/www.maticasrpska.org.rs\/en\/wp-json\/wp\/v2\/pages\/46\/revisions"}],"up":[{"embeddable":true,"href":"https:\/\/www.maticasrpska.org.rs\/en\/wp-json\/wp\/v2\/pages\/11"}],"wp:attachment":[{"href":"https:\/\/www.maticasrpska.org.rs\/en\/wp-json\/wp\/v2\/media?parent=46"}],"curies":[{"name":"wp","href":"https:\/\/api.w.org\/{rel}","templated":true}]}}